{"id":3975,"date":"2024-08-08T21:17:06","date_gmt":"2024-08-08T21:17:06","guid":{"rendered":"https:\/\/fomoday.com\/braiins-mini-miner-bmm-100-101\/"},"modified":"2024-09-10T21:41:02","modified_gmt":"2024-09-10T21:41:02","slug":"braiins-mini-miner-bmm-100-101","status":"publish","type":"page","link":"https:\/\/fomoday.com\/sk\/braiins-mini-miner-bmm-100-101\/","title":{"rendered":"Braiins mini miner BMM 100, 101"},"content":{"rendered":"<p>Braiins mini miner BMM 100 je prv&yacute;m kusom hardv&eacute;ru, ktor&yacute; Braiins predstavil na konferencii BTC Prague 2024 v Prahe.<\/p>\n\n<p><em>Braiins je prev&aacute;dzkovate&#318;om <a href=\"https:\/\/fomoday.com\/sk\/top-10-bitcoin-mining-poolov-v-roku-2024\/\">&#357;a&#382;obn&eacute;ho poolu na &#357;a&#382;bu bitcoinov,<\/a> ktor&yacute; bol predt&yacute;m zn&aacute;my ako SlushPool (prv&yacute; &#357;a&#382;obn&yacute; pool na svete).<\/em><\/p>\n\n<h2 class=\"wp-block-heading\">Aktualiz&aacute;cia 10.9.2024 : Predobjedn&aacute;vky na BMM 101 s&uacute; u&#382; otvoren&eacute;!<\/h2>\n\n<p><strong>S k&oacute;dom KM10<\/strong> si m&ocirc;&#382;ete k&uacute;pi&#357; ak&yacute;ko&#318;vek tovar na Braiins Shop s  <strong>10% z&#318;ava!\nVr&aacute;tane BMM 101 <\/strong><\/p>\n\n<p>Odkaz: <a href=\"https:\/\/shop.braiins.com\/discount\/KM10\">https:\/\/shop.braiins.com\/discount\/KM10<\/a><\/p>\n\n<p><em>U&#382; &#269;oskoro sa m&ocirc;&#382;ete te&scaron;i&#357; na recenziu, ktor&uacute; sem vlo&#382;&iacute;me<\/em><\/p>\n<ul class=\"wp-block-latest-posts__list wp-block-latest-posts\"><li><a class=\"wp-block-latest-posts__post-title\" href=\"https:\/\/fomoday.com\/sk\/top-10-bitcoin-mining-poolov-v-roku-2024\/\">Top 10 Bitcoin Mining Poolov v roku 2024<\/a><\/li>\n<li><a class=\"wp-block-latest-posts__post-title\" href=\"https:\/\/fomoday.com\/sk\/vyplatne-metody-v-tazobnych-pooloch-pre-bitcoin\/\">V&yacute;platn&eacute; met&oacute;dy v &#357;a&#382;obn&yacute;ch pooloch pre Bitcoin<\/a><\/li>\n<\/ul>\n<h2 class=\"wp-block-heading\">Braiins mini miner BMM 100<\/h2>\n\n<p>Prv&yacute; bansk&yacute; stroj z dielne Braiins.\nJe to prakticky &bdquo;&scaron;&#357;astn&yacute; ban&iacute;k&ldquo; s v&yacute;konom 1 TH\/s pri spotrebe 50 Wattov.\nJeho pripojenie trv&aacute; len nieko&#318;ko min&uacute;t, v&scaron;etko je r&yacute;chle a intuit&iacute;vne.  <\/p>\n\n<figure class=\"wp-block-gallery has-nested-images columns-default is-cropped wp-block-gallery-1 is-layout-flex wp-block-gallery-is-layout-flex\">\n<figure class=\"wp-block-image size-large\"><img decoding=\"async\" data-id=\"3855\" src=\"https:\/\/fomoday.com\/wp-content\/uploads\/2024\/08\/IMG_4366-1-826x1024.jpeg\" alt=\"Braiins mini miner BMM 100  \" class=\"wp-image-3855\"\/><\/figure>\n\n\n\n<figure class=\"wp-block-image size-large\"><img loading=\"lazy\" decoding=\"async\" width=\"944\" height=\"1024\" data-id=\"3841\" src=\"https:\/\/fomoday.com\/wp-content\/uploads\/2024\/08\/IMG_4365-944x1024.jpeg\" alt=\"Braiins mini miner BMM 100 - box\" class=\"wp-image-3841\"\/><\/figure>\n\n\n\n<figure class=\"wp-block-image size-large\"><img loading=\"lazy\" decoding=\"async\" width=\"659\" height=\"1024\" data-id=\"3813\" src=\"https:\/\/fomoday.com\/wp-content\/uploads\/2024\/08\/IMG_4364-659x1024.jpeg\" alt=\"Braiins mini miner BMM 100 - &scaron;tatistiky, v&yacute;kon\" class=\"wp-image-3813\"\/><\/figure>\n<\/figure>\n\n<h2 class=\"wp-block-heading\">Samostatn&aacute; &#357;a&#382;ba &ndash; ako lot&eacute;riov&yacute; &#382;reb<\/h2>\n\n<p>Ak tento stojan nepripoj&iacute;te k baz&eacute;nu, ale nech&aacute;te ho samostatne vyh&#318;ada&#357; blok.\nJe to nie&#269;o ako st&aacute;vka na tiket ka&#382;d&yacute;ch 10 min&uacute;t (blok), pri ktorej je v&auml;&#269;&scaron;ia pravdepodobnos&#357; v&yacute;hry ako v &scaron;porte.\nAk by ste ho trafili, z&iacute;skali by ste 3,125 BTC + transak&#269;n&eacute; poplatky!  <\/p>\n\n<h2 class=\"wp-block-heading\">Sportka vs. S&oacute;lo &#357;a&#382;ba s 1 TH\/s<\/h2>\n\n<p>Toto porovnanie ukazuje, &#382;e hoci s&uacute; obe pravdepodobnosti ve&#318;mi n&iacute;zke, pravdepodobnos&#357; vy&#357;a&#382;enia bloku 1 TH\/s BTC je v&yacute;razne vy&scaron;&scaron;ia ako pravdepodobnos&#357; v&yacute;hry hlavnej ceny v hre Sportka.<\/p>\n\n<p><strong>Porovn&aacute;vacia tabu&#318;ka<\/strong><\/p>\n\n<figure class=\"wp-block-table\"><table class=\"has-fixed-layout\"><tbody><tr><td><strong>Faktor<\/strong><\/td><td><strong>BTC 1 TH\/s<\/strong><\/td><td><strong>&Scaron;port<\/strong><\/td><\/tr><tr><td>Celkov&yacute; hashr&aacute;t\/po&#269;et kombin&aacute;ci&iacute;<\/td><td>572 640 000 TH\/s<\/td><td>13,983,816<\/td><\/tr><tr><td>Po&#269;et blokov za de&#328;\/v&yacute;ber za rok<\/td><td>144<\/td><td>104<\/td><\/tr><tr><td>Pravdepodobnos&#357; na de&#328;\/&#357;ah<\/td><td>2.514 &times; 1 0 &ndash; 7 2.514&times;10-7<\/td><td>7.15 &times; 1 0 &ndash; 8 7.15&times;10-8<\/td><\/tr><tr><td>Pravdepodobnos&#357; za rok<\/td><td>9.18 &times; 1 0 &ndash; 5 9.18&times;10-5<\/td><td>7.436 &times; 1 0 &ndash; 6 7.436&times;10-6<\/td><\/tr><tr><td><\/td><td><\/td><td><\/td><\/tr><tr><td><strong>Priemern&yacute; po&#269;et rokov na dosiahnutie &uacute;spechu<\/strong><\/td><td><strong>10,896<\/strong><\/td><td><strong>134,483<\/strong><\/td><\/tr><\/tbody><\/table><\/figure>\n\n<ul class=\"wp-block-list\">\n<li><strong>&#356;a&#382;ba BTC s 1 TH\/s<\/strong>: Pravdepodobnos&#357; vy&#357;a&#382;enia bloku s 1 TH\/s je ve&#318;mi n&iacute;zka, pri&#269;om priemern&yacute; po&#269;et rokov na vy&#357;a&#382;enie bloku je pribli&#382;ne 10,896 roka.<\/li>\n\n\n\n<li><strong>Sportka<\/strong>: Pravdepodobnos&#357; v&yacute;hry hlavnej ceny v hre Sportka je e&scaron;te ni&#382;&scaron;ia, priemern&yacute; po&#269;et rokov na v&yacute;hru je pribli&#382;ne 134,483 roka.<\/li>\n<\/ul>\n\n<p><\/p>\n\n<h3 class=\"wp-block-heading\"><strong>N&aacute;klady na &#357;a&#382;bu Sportka vs Bitcoin<\/strong><\/h3>\n\n<p><strong>&Scaron;port<\/strong><\/p>\n\n<ul class=\"wp-block-list\">\n<li><strong>Cena za l&iacute;stok<\/strong>: 20 K&#269;<\/li>\n\n\n\n<li><strong>Po&#269;et &#382;rebovan&iacute; za rok<\/strong>: 104 (dvakr&aacute;t t&yacute;&#382;denne)<\/li>\n\n\n\n<li><strong>Ro&#269;n&eacute; n&aacute;klady:<\/strong> 2 080 K&#269; (20 K&#269; &times; 104 &#269;erpania)<\/li>\n<\/ul>\n\n<p><strong>Bitcoin (1 TH\/s, 50 W)<\/strong><\/p>\n\n<ul class=\"wp-block-list\">\n<li><strong>Denn&aacute; spotreba energie<\/strong>: 1,2 kWh (50 W &times; 24 hod&iacute;n)<\/li>\n\n\n\n<li><strong>Cena elektrickej energie<\/strong>: 5 CZK za kWh<\/li>\n\n\n\n<li><strong>Denn&eacute; n&aacute;klady na elektrinu<\/strong>: 6 K&#269; (1,2 kWh &times; 5 K&#269;)<\/li>\n\n\n\n<li><strong>Ro&#269;n&eacute; n&aacute;klady:<\/strong> 2 190 K&#269; (6 K&#269; &times; 365 dn&iacute;)<\/li>\n<\/ul>\n\n<p><strong>Zhrnutie<\/strong><\/p>\n\n<figure class=\"wp-block-table\"><table class=\"has-fixed-layout\"><tbody><tr><td><strong>Faktor<\/strong><\/td><td><strong>&Scaron;port<\/strong><\/td><td><strong>Bitcoin (1 TH\/s, 50 W)<\/strong><\/td><\/tr><tr><td>Cena za l&iacute;stok \/ Denn&eacute; n&aacute;klady<\/td><td>20 K&#268;<\/td><td>6 K&#269;<\/td><\/tr><tr><td>Ro&#269;n&eacute; n&aacute;klady<\/td><td>2 080 K&#269;<\/td><td>2 190 K&#269;<\/td><\/tr><\/tbody><\/table><\/figure>\n\n<ul class=\"wp-block-list\">\n<li><strong>Sportka<\/strong>: ro&#269;n&eacute; n&aacute;klady na st&aacute;vkovanie s&uacute; pribli&#382;ne 2 080 K&#269;.<\/li>\n\n\n\n<li><strong>Bitcoin (1 TH\/s)<\/strong>: ro&#269;n&eacute; n&aacute;klady na &#357;a&#382;bu s&uacute; pribli&#382;ne 2 190 K&#269;.<\/li>\n<\/ul>\n\n<p>Obe met&oacute;dy maj&uacute; podobn&eacute; ro&#269;n&eacute; n&aacute;klady, ale pravdepodobnos&#357; &uacute;spechu (z&iacute;skanie alebo &#357;a&#382;ba bloku) sa v&yacute;razne l&iacute;&scaron;i.<\/p>\n\n<h2 class=\"wp-block-heading\">&Uacute;&#269;as&#357; BMM v baz&eacute;ne &ndash; nezmysel<\/h2>\n\n<p>&Aacute;no, po tom, &#269;o ste si pre&#269;&iacute;tali, nem&aacute; &#357;a&#382;ba v baz&eacute;ne s 1 TH\/s zmysel.\nAk nechcete &iacute;s&#357; do n&aacute;hodn&eacute;ho, &scaron;portov&eacute;ho &scaron;t&yacute;lu s vy&scaron;&scaron;ou pravdepodobnos&#357;ou, <a href=\"\" target=\"\" rel=\"noopener\">Braiins<\/a> BMM 100 zapojen&yacute; do poolu v&aacute;s pr&iacute;li&scaron; nechyt&iacute;. <\/p>\n\n<h3 class=\"wp-block-heading\">&Uacute;&#269;innos&#357; BMM 100<\/h3>\n\n<p>Pri spotrebe za cenu 5 K&#269; denne sa BTC vy&#357;a&#382;&iacute; pribli&#382;ne za korunu.\nTak&#382;e budete m&iacute;&#328;a&#357; a v tomto pr&iacute;pade je pre v&aacute;s v&yacute;hodnej&scaron;ie kupova&#357; BTC priamo ako &#357;a&#382;i&#357; v poole s tak&yacute;m mal&yacute;m hashrate. <\/p>\n\n<h3 class=\"wp-block-heading\">Dostupnos&#357; produktu Braiins Mini Miner<\/h3>\n\n<p>Tento miner je &uacute;plne vypredan&yacute; a teraz si ho m&ocirc;&#382;ete predobjedna&#357;.\nAk ho chcete hne&#271;, v redakcii m&aacute;me 3-4 kusy navy&scaron;e&hellip; Ak m&aacute;te z&aacute;ujem, nap&iacute;&scaron;te sem do koment&aacute;rov alebo na n&aacute;&scaron; <a href=\"\">X (Twitter) <\/a>.   <\/p>\n\n<h2 class=\"wp-block-heading\">Z&aacute;ver<\/h2>\n\n<p>Braiins BMM 100 je kr&aacute;sny kus hardv&eacute;ru.\nPre t&yacute;ch, ktor&iacute; uva&#382;uj&uacute; o jeho &#357;a&#382;be, ale chc&uacute; si ho zatia&#318; len o&#357;uka&#357;, nie&#269;o sa nau&#269;i&#357;, zapoji&#357; ho s&oacute;lo, v baz&eacute;ne, vo v&#269;ele, odpor&uacute;&#269;aj&uacute; ho!\nNazval by som ho sk&ocirc;r vzdel&aacute;vac&iacute;m minerom alebo minerom pre &scaron;&#357;astie.\nTeraz u&#382; viete, &#269;o od neho m&ocirc;&#382;ete o&#269;ak&aacute;va&#357;, tak&#382;e t&iacute;, ktor&iacute; si ho zaobstaraj&uacute;, bud&uacute; spokojn&iacute; &#128578;   <\/p>\n\n<p><\/p>\n<div id=\"sssp-content-end\"><\/div>","protected":false},"excerpt":{"rendered":"<p>Braiins mini miner BMM 100 je prv&yacute;m kusom hardv&eacute;ru, ktor&yacute; Braiins predstavil na konferencii BTC Prague 2024 v Prahe. Braiins je prev&aacute;dzkovate&#318;om &#357;a&#382;obn&eacute;ho poolu na &#357;a&#382;bu bitcoinov, ktor&yacute; bol predt&yacute;m zn&aacute;my ako SlushPool (prv&yacute; &#357;a&#382;obn&yacute; pool na svete). Aktualiz&aacute;cia 10.9.2024 : Predobjedn&aacute;vky na BMM 101 s&uacute; u&#382; otvoren&eacute;! S k&oacute;dom KM10 si m&ocirc;&#382;ete k&uacute;pi&#357; ak&yacute;ko&#318;vek [&hellip;]<\/p>\n","protected":false},"author":1,"featured_media":3865,"parent":0,"menu_order":0,"comment_status":"open","ping_status":"closed","template":"","meta":{"footnotes":""},"class_list":["post-3975","page","type-page","status-publish","has-post-thumbnail"],"yoast_head":"<!-- This site is optimized with the Yoast SEO plugin v26.5 - https:\/\/yoast.com\/wordpress\/plugins\/seo\/ -->\n<title>Braiins mini miner BMM 100, 101 - Fomoday.com<\/title>\n<meta name=\"description\" content=\"Braiins miner BMM 100 a 101 - D\u00e1 sa s n\u00edm \u0165a\u017ei\u0165 Bitcoin, m\u00e1 to zmysel? \u00c1no, ale len za ur\u010dit\u00fdch podmienok, ktor\u00e9 to s\u00fa? Viac v \u010dl\u00e1nku!\" \/>\n<meta name=\"robots\" content=\"index, follow, max-snippet:-1, max-image-preview:large, max-video-preview:-1\" \/>\n<link rel=\"canonical\" href=\"https:\/\/fomoday.com\/sk\/braiins-mini-miner-bmm-100-101\/\" \/>\n<meta property=\"og:locale\" content=\"sk_SK\" \/>\n<meta property=\"og:type\" content=\"article\" \/>\n<meta property=\"og:title\" content=\"Braiins mini miner BMM 100, 101 - Fomoday.com\" \/>\n<meta property=\"og:description\" content=\"Braiins miner BMM 100 a 101 - D\u00e1 sa s n\u00edm \u0165a\u017ei\u0165 Bitcoin, m\u00e1 to zmysel? \u00c1no, ale len za ur\u010dit\u00fdch podmienok, ktor\u00e9 to s\u00fa? Viac v \u010dl\u00e1nku!\" \/>\n<meta property=\"og:url\" content=\"https:\/\/fomoday.com\/sk\/braiins-mini-miner-bmm-100-101\/\" \/>\n<meta property=\"og:site_name\" content=\"Fomoday.com\" \/>\n<meta property=\"article:publisher\" content=\"https:\/\/www.facebook.com\/fomoday\" \/>\n<meta property=\"article:modified_time\" content=\"2024-09-10T21:41:02+00:00\" \/>\n<meta property=\"og:image\" content=\"https:\/\/fomoday.com\/wp-content\/uploads\/2024\/08\/IMG_4366-1-e1723151973980.jpeg\" \/>\n\t<meta property=\"og:image:width\" content=\"1170\" \/>\n\t<meta property=\"og:image:height\" content=\"1451\" \/>\n\t<meta property=\"og:image:type\" content=\"image\/jpeg\" \/>\n<meta name=\"twitter:card\" content=\"summary_large_image\" \/>\n<meta name=\"twitter:site\" content=\"@fomoday_com\" \/>\n<meta name=\"twitter:label1\" content=\"Predpokladan\u00fd \u010das \u010d\u00edtania\" \/>\n\t<meta name=\"twitter:data1\" content=\"4 min\u00faty\" \/>\n<script type=\"application\/ld+json\" class=\"yoast-schema-graph\">{\"@context\":\"https:\/\/schema.org\",\"@graph\":[{\"@type\":\"WebPage\",\"@id\":\"https:\/\/fomoday.com\/sk\/braiins-mini-miner-bmm-100-101\/\",\"url\":\"https:\/\/fomoday.com\/sk\/braiins-mini-miner-bmm-100-101\/\",\"name\":\"Braiins mini miner BMM 100, 101 - Fomoday.com\",\"isPartOf\":{\"@id\":\"https:\/\/fomoday.com\/sk\/#website\"},\"primaryImageOfPage\":{\"@id\":\"https:\/\/fomoday.com\/sk\/braiins-mini-miner-bmm-100-101\/#primaryimage\"},\"image\":{\"@id\":\"https:\/\/fomoday.com\/sk\/braiins-mini-miner-bmm-100-101\/#primaryimage\"},\"thumbnailUrl\":\"https:\/\/fomoday.com\/wp-content\/uploads\/2024\/08\/IMG_4366-1-e1723151973980.jpeg\",\"datePublished\":\"2024-08-08T21:17:06+00:00\",\"dateModified\":\"2024-09-10T21:41:02+00:00\",\"description\":\"Braiins miner BMM 100 a 101 - D\u00e1 sa s n\u00edm \u0165a\u017ei\u0165 Bitcoin, m\u00e1 to zmysel? \u00c1no, ale len za ur\u010dit\u00fdch podmienok, ktor\u00e9 to s\u00fa? Viac v \u010dl\u00e1nku!\",\"breadcrumb\":{\"@id\":\"https:\/\/fomoday.com\/sk\/braiins-mini-miner-bmm-100-101\/#breadcrumb\"},\"inLanguage\":\"sk-SK\",\"potentialAction\":[{\"@type\":\"ReadAction\",\"target\":[\"https:\/\/fomoday.com\/sk\/braiins-mini-miner-bmm-100-101\/\"]}]},{\"@type\":\"ImageObject\",\"inLanguage\":\"sk-SK\",\"@id\":\"https:\/\/fomoday.com\/sk\/braiins-mini-miner-bmm-100-101\/#primaryimage\",\"url\":\"https:\/\/fomoday.com\/wp-content\/uploads\/2024\/08\/IMG_4366-1-e1723151973980.jpeg\",\"contentUrl\":\"https:\/\/fomoday.com\/wp-content\/uploads\/2024\/08\/IMG_4366-1-e1723151973980.jpeg\",\"width\":1170,\"height\":1451,\"caption\":\"Braiins BMM 100\"},{\"@type\":\"BreadcrumbList\",\"@id\":\"https:\/\/fomoday.com\/sk\/braiins-mini-miner-bmm-100-101\/#breadcrumb\",\"itemListElement\":[{\"@type\":\"ListItem\",\"position\":1,\"name\":\"Home\",\"item\":\"https:\/\/fomoday.com\/sk\/\"},{\"@type\":\"ListItem\",\"position\":2,\"name\":\"Braiins mini miner BMM 100, 101\"}]},{\"@type\":\"WebSite\",\"@id\":\"https:\/\/fomoday.com\/sk\/#website\",\"url\":\"https:\/\/fomoday.com\/sk\/\",\"name\":\"Fomoday.com\",\"description\":\"Finance and cryptocurrency news portal\",\"publisher\":{\"@id\":\"https:\/\/fomoday.com\/sk\/#organization\"},\"potentialAction\":[{\"@type\":\"SearchAction\",\"target\":{\"@type\":\"EntryPoint\",\"urlTemplate\":\"https:\/\/fomoday.com\/sk\/?s={search_term_string}\"},\"query-input\":{\"@type\":\"PropertyValueSpecification\",\"valueRequired\":true,\"valueName\":\"search_term_string\"}}],\"inLanguage\":\"sk-SK\"},{\"@type\":\"Organization\",\"@id\":\"https:\/\/fomoday.com\/sk\/#organization\",\"name\":\"Fomoday.com\",\"url\":\"https:\/\/fomoday.com\/sk\/\",\"logo\":{\"@type\":\"ImageObject\",\"inLanguage\":\"sk-SK\",\"@id\":\"https:\/\/fomoday.com\/sk\/#\/schema\/logo\/image\/\",\"url\":\"https:\/\/fomoday.com\/wp-content\/uploads\/2024\/06\/cropped-fomoday-logo-mini.png\",\"contentUrl\":\"https:\/\/fomoday.com\/wp-content\/uploads\/2024\/06\/cropped-fomoday-logo-mini.png\",\"width\":512,\"height\":512,\"caption\":\"Fomoday.com\"},\"image\":{\"@id\":\"https:\/\/fomoday.com\/sk\/#\/schema\/logo\/image\/\"},\"sameAs\":[\"https:\/\/www.facebook.com\/fomoday\",\"https:\/\/x.com\/fomoday_com\",\"https:\/\/www.youtube.com\/channel\/UClsHuVFZEu7BBofcsZArCOw\"]}]}<\/script>\n<!-- \/ Yoast SEO plugin. -->","yoast_head_json":{"title":"Braiins mini miner BMM 100, 101 - Fomoday.com","description":"Braiins miner BMM 100 a 101 - D\u00e1 sa s n\u00edm \u0165a\u017ei\u0165 Bitcoin, m\u00e1 to zmysel? \u00c1no, ale len za ur\u010dit\u00fdch podmienok, ktor\u00e9 to s\u00fa? Viac v \u010dl\u00e1nku!","robots":{"index":"index","follow":"follow","max-snippet":"max-snippet:-1","max-image-preview":"max-image-preview:large","max-video-preview":"max-video-preview:-1"},"canonical":"https:\/\/fomoday.com\/sk\/braiins-mini-miner-bmm-100-101\/","og_locale":"sk_SK","og_type":"article","og_title":"Braiins mini miner BMM 100, 101 - Fomoday.com","og_description":"Braiins miner BMM 100 a 101 - D\u00e1 sa s n\u00edm \u0165a\u017ei\u0165 Bitcoin, m\u00e1 to zmysel? \u00c1no, ale len za ur\u010dit\u00fdch podmienok, ktor\u00e9 to s\u00fa? Viac v \u010dl\u00e1nku!","og_url":"https:\/\/fomoday.com\/sk\/braiins-mini-miner-bmm-100-101\/","og_site_name":"Fomoday.com","article_publisher":"https:\/\/www.facebook.com\/fomoday","article_modified_time":"2024-09-10T21:41:02+00:00","og_image":[{"width":1170,"height":1451,"url":"https:\/\/fomoday.com\/wp-content\/uploads\/2024\/08\/IMG_4366-1-e1723151973980.jpeg","type":"image\/jpeg"}],"twitter_card":"summary_large_image","twitter_site":"@fomoday_com","twitter_misc":{"Predpokladan\u00fd \u010das \u010d\u00edtania":"4 min\u00faty"},"schema":{"@context":"https:\/\/schema.org","@graph":[{"@type":"WebPage","@id":"https:\/\/fomoday.com\/sk\/braiins-mini-miner-bmm-100-101\/","url":"https:\/\/fomoday.com\/sk\/braiins-mini-miner-bmm-100-101\/","name":"Braiins mini miner BMM 100, 101 - Fomoday.com","isPartOf":{"@id":"https:\/\/fomoday.com\/sk\/#website"},"primaryImageOfPage":{"@id":"https:\/\/fomoday.com\/sk\/braiins-mini-miner-bmm-100-101\/#primaryimage"},"image":{"@id":"https:\/\/fomoday.com\/sk\/braiins-mini-miner-bmm-100-101\/#primaryimage"},"thumbnailUrl":"https:\/\/fomoday.com\/wp-content\/uploads\/2024\/08\/IMG_4366-1-e1723151973980.jpeg","datePublished":"2024-08-08T21:17:06+00:00","dateModified":"2024-09-10T21:41:02+00:00","description":"Braiins miner BMM 100 a 101 - D\u00e1 sa s n\u00edm \u0165a\u017ei\u0165 Bitcoin, m\u00e1 to zmysel? \u00c1no, ale len za ur\u010dit\u00fdch podmienok, ktor\u00e9 to s\u00fa? Viac v \u010dl\u00e1nku!","breadcrumb":{"@id":"https:\/\/fomoday.com\/sk\/braiins-mini-miner-bmm-100-101\/#breadcrumb"},"inLanguage":"sk-SK","potentialAction":[{"@type":"ReadAction","target":["https:\/\/fomoday.com\/sk\/braiins-mini-miner-bmm-100-101\/"]}]},{"@type":"ImageObject","inLanguage":"sk-SK","@id":"https:\/\/fomoday.com\/sk\/braiins-mini-miner-bmm-100-101\/#primaryimage","url":"https:\/\/fomoday.com\/wp-content\/uploads\/2024\/08\/IMG_4366-1-e1723151973980.jpeg","contentUrl":"https:\/\/fomoday.com\/wp-content\/uploads\/2024\/08\/IMG_4366-1-e1723151973980.jpeg","width":1170,"height":1451,"caption":"Braiins BMM 100"},{"@type":"BreadcrumbList","@id":"https:\/\/fomoday.com\/sk\/braiins-mini-miner-bmm-100-101\/#breadcrumb","itemListElement":[{"@type":"ListItem","position":1,"name":"Home","item":"https:\/\/fomoday.com\/sk\/"},{"@type":"ListItem","position":2,"name":"Braiins mini miner BMM 100, 101"}]},{"@type":"WebSite","@id":"https:\/\/fomoday.com\/sk\/#website","url":"https:\/\/fomoday.com\/sk\/","name":"Fomoday.com","description":"Finance and cryptocurrency news portal","publisher":{"@id":"https:\/\/fomoday.com\/sk\/#organization"},"potentialAction":[{"@type":"SearchAction","target":{"@type":"EntryPoint","urlTemplate":"https:\/\/fomoday.com\/sk\/?s={search_term_string}"},"query-input":{"@type":"PropertyValueSpecification","valueRequired":true,"valueName":"search_term_string"}}],"inLanguage":"sk-SK"},{"@type":"Organization","@id":"https:\/\/fomoday.com\/sk\/#organization","name":"Fomoday.com","url":"https:\/\/fomoday.com\/sk\/","logo":{"@type":"ImageObject","inLanguage":"sk-SK","@id":"https:\/\/fomoday.com\/sk\/#\/schema\/logo\/image\/","url":"https:\/\/fomoday.com\/wp-content\/uploads\/2024\/06\/cropped-fomoday-logo-mini.png","contentUrl":"https:\/\/fomoday.com\/wp-content\/uploads\/2024\/06\/cropped-fomoday-logo-mini.png","width":512,"height":512,"caption":"Fomoday.com"},"image":{"@id":"https:\/\/fomoday.com\/sk\/#\/schema\/logo\/image\/"},"sameAs":["https:\/\/www.facebook.com\/fomoday","https:\/\/x.com\/fomoday_com","https:\/\/www.youtube.com\/channel\/UClsHuVFZEu7BBofcsZArCOw"]}]}},"_links":{"self":[{"href":"https:\/\/fomoday.com\/sk\/wp-json\/wp\/v2\/pages\/3975","targetHints":{"allow":["GET"]}}],"collection":[{"href":"https:\/\/fomoday.com\/sk\/wp-json\/wp\/v2\/pages"}],"about":[{"href":"https:\/\/fomoday.com\/sk\/wp-json\/wp\/v2\/types\/page"}],"author":[{"embeddable":true,"href":"https:\/\/fomoday.com\/sk\/wp-json\/wp\/v2\/users\/1"}],"replies":[{"embeddable":true,"href":"https:\/\/fomoday.com\/sk\/wp-json\/wp\/v2\/comments?post=3975"}],"version-history":[{"count":1,"href":"https:\/\/fomoday.com\/sk\/wp-json\/wp\/v2\/pages\/3975\/revisions"}],"predecessor-version":[{"id":3976,"href":"https:\/\/fomoday.com\/sk\/wp-json\/wp\/v2\/pages\/3975\/revisions\/3976"}],"wp:featuredmedia":[{"embeddable":true,"href":"https:\/\/fomoday.com\/sk\/wp-json\/wp\/v2\/media\/3865"}],"wp:attachment":[{"href":"https:\/\/fomoday.com\/sk\/wp-json\/wp\/v2\/media?parent=3975"}],"curies":[{"name":"wp","href":"https:\/\/api.w.org\/{rel}","templated":true}]}}