{"id":3240,"date":"2024-03-12T23:36:00","date_gmt":"2024-03-12T23:36:00","guid":{"rendered":"https:\/\/fomoday.com\/zasady-ochrany-osobnych-udajov\/"},"modified":"2024-06-24T17:18:08","modified_gmt":"2024-06-24T17:18:08","slug":"zasady-ochrany-osobnych-udajov","status":"publish","type":"page","link":"https:\/\/fomoday.com\/sk\/zasady-ochrany-osobnych-udajov\/","title":{"rendered":"Z\u00e1sady ochrany osobn\u00fdch \u00fadajov"},"content":{"rendered":"<h2 class=\"wp-block-heading\">Kto sme<\/h2>\n\n<p>Na&scaron;a webov&aacute; adresa je: https:\/\/fomoday.com.<\/p>\n\n<h2 class=\"wp-block-heading\">Koment&aacute;re<\/h2>\n\n<p>Ke&#271; n&aacute;v&scaron;tevn&iacute;ci zanech&aacute;vaj&uacute; na str&aacute;nke koment&aacute;re, zhroma&#382;&#271;ujeme &uacute;daje uveden&eacute; vo formul&aacute;ri koment&aacute;ra a tie&#382; IP adresu n&aacute;v&scaron;tevn&iacute;ka a re&#357;azec pou&#382;&iacute;vate&#318;sk&eacute;ho agenta prehliada&#269;a, aby sme pomohli odhali&#357; spam.<\/p>\n\n<p>Slu&#382;be Gravatar m&ocirc;&#382;e by&#357; poskytnut&yacute; anonymizovan&yacute; re&#357;azec vytvoren&yacute; z va&scaron;ej e-mailovej adresy (naz&yacute;van&yacute; aj hash), aby zistila, &#269;i ju pou&#382;&iacute;vate. Z&aacute;sady ochrany osobn&yacute;ch &uacute;dajov slu&#382;by Gravatar s&uacute; k dispoz&iacute;cii tu: https:\/\/automattic.com\/privacy\/. Po schv&aacute;len&iacute; v&aacute;&scaron;ho koment&aacute;ra je v&aacute;&scaron; profilov&yacute; obr&aacute;zok vidite&#318;n&yacute; verejnosti v kontexte v&aacute;&scaron;ho koment&aacute;ra.<\/p>\n\n<h2 class=\"wp-block-heading\">M&eacute;di&aacute;<\/h2>\n\n<p>Ak na webov&uacute; lokalitu nahr&aacute;vate obr&aacute;zky, mali by ste sa vyhn&uacute;&#357; nahr&aacute;vaniu obr&aacute;zkov s vlo&#382;en&yacute;mi &uacute;dajmi o polohe (EXIF GPS). N&aacute;v&scaron;tevn&iacute;ci webovej lokality si m&ocirc;&#382;u z obr&aacute;zkov na webovej lokalite stiahnu&#357; a z&iacute;ska&#357; ak&eacute;ko&#318;vek &uacute;daje o polohe.<\/p>\n\n<h2 class=\"wp-block-heading\">Cookies<\/h2>\n\n<p>Ak na na&scaron;ej str&aacute;nke zanech&aacute;te koment&aacute;r, m&ocirc;&#382;ete s&uacute;hlasi&#357; s ulo&#382;en&iacute;m v&aacute;&scaron;ho mena, e-mailovej adresy a webovej str&aacute;nky do s&uacute;borov cookie. Tieto &uacute;daje sl&uacute;&#382;ia na va&scaron;e pohodlie, aby ste pri zanech&aacute;van&iacute; &#271;al&scaron;ieho koment&aacute;ra nemuseli znova vypl&#328;ova&#357; svoje &uacute;daje. Tieto su&scaron;ienky vydr&#382;ia jeden rok.<\/p>\n\n<p>Ak nav&scaron;t&iacute;vite na&scaron;u prihlasovaciu str&aacute;nku, nastav&iacute;me do&#269;asn&yacute; s&uacute;bor cookie, aby sme zistili, &#269;i v&aacute;&scaron; prehliada&#269; prij&iacute;ma s&uacute;bory cookie. Tento s&uacute;bor cookie neobsahuje &#382;iadne osobn&eacute; &uacute;daje a po zatvoren&iacute; prehliada&#269;a sa odstr&aacute;ni.<\/p>\n\n<p>Pri prihlasovan&iacute; nastav&iacute;me aj nieko&#318;ko s&uacute;borov cookie, aby sme ulo&#382;ili va&scaron;e prihlasovacie &uacute;daje a vo&#318;by zobrazenia obrazovky. S&uacute;bory cookie na prihl&aacute;senie vydr&#382;ia dva dni a s&uacute;bory cookie s mo&#382;nos&#357;ami obrazovky vydr&#382;ia rok. Ak vyberiete mo&#382;nos&#357; &bdquo;Zapam&auml;ta&#357; si ma&ldquo;, va&scaron;e prihl&aacute;senie bude trva&#357; dva t&yacute;&#382;dne. Ak sa odhl&aacute;site zo svojho konta, prihlasovacie s&uacute;bory cookie sa odstr&aacute;nia.<\/p>\n\n<p>Ak uprav&iacute;te alebo uverejn&iacute;te &#269;l&aacute;nok, do v&aacute;&scaron;ho prehliada&#269;a sa ulo&#382;&iacute; &#271;al&scaron;&iacute; s&uacute;bor cookie. Tento s&uacute;bor cookie neobsahuje &#382;iadne osobn&eacute; &uacute;daje a jednoducho uv&aacute;dza ID pr&iacute;spevku &#269;l&aacute;nku, ktor&yacute; ste pr&aacute;ve upravili. Jeho platnos&#357; vypr&scaron;&iacute; po 1 dni.<\/p>\n\n<h2 class=\"wp-block-heading\">Vlo&#382;en&yacute; obsah z in&yacute;ch webov&yacute;ch lokal&iacute;t<\/h2>\n\n<p>&#268;l&aacute;nky na tejto str&aacute;nke m&ocirc;&#382;u obsahova&#357; vlo&#382;en&yacute; obsah (napr. vide&aacute;, obr&aacute;zky, &#269;l&aacute;nky at&#271;.). Vlo&#382;en&yacute; obsah z in&yacute;ch webov&yacute;ch lokal&iacute;t sa spr&aacute;va presne tak, ako keby n&aacute;v&scaron;tevn&iacute;k nav&scaron;t&iacute;vil in&uacute; webov&uacute; lokalitu.<\/p>\n\n<p>Tieto webov&eacute; lokality m&ocirc;&#382;u zhroma&#382;&#271;ova&#357; &uacute;daje o v&aacute;s, pou&#382;&iacute;va&#357; s&uacute;bory cookie, vklada&#357; &#271;al&scaron;ie sledovanie tret&iacute;ch str&aacute;n a monitorova&#357; va&scaron;u interakciu s vlo&#382;en&yacute;m obsahom vr&aacute;tane sledovania va&scaron;ej interakcie s vlo&#382;en&yacute;m obsahom, ak m&aacute;te &uacute;&#269;et a ste prihl&aacute;sen&iacute; na danej webovej lokalite.<\/p>\n\n<h2 class=\"wp-block-heading\">S k&yacute;m zdie&#318;ame va&scaron;e &uacute;daje<\/h2>\n\n<p>Ak po&#382;iadate o obnovenie hesla, va&scaron;a IP adresa bude uveden&aacute; v e-mailovej spr&aacute;ve o obnoven&iacute; hesla.<\/p>\n\n<h2 class=\"wp-block-heading\">Ako dlho uchov&aacute;vame va&scaron;e &uacute;daje<\/h2>\n\n<p>Ak zanech&aacute;te koment&aacute;r, koment&aacute;r a jeho meta&uacute;daje sa uchov&aacute;vaj&uacute; na neur&#269;it&uacute; dobu. Je to preto, aby sme mohli automaticky rozpozna&#357; a schv&aacute;li&#357; v&scaron;etky n&aacute;sledn&eacute; koment&aacute;re namiesto toho, aby sme ich dr&#382;ali vo fronte na moderovanie.<\/p>\n\n<p>V pr&iacute;pade pou&#382;&iacute;vate&#318;ov, ktor&iacute; sa zaregistruj&uacute; na na&scaron;ej webovej lokalite (ak existuj&uacute;), uklad&aacute;me osobn&eacute; &uacute;daje, ktor&eacute; poskytli, aj do ich pou&#382;&iacute;vate&#318;sk&eacute;ho profilu. V&scaron;etci pou&#382;&iacute;vatelia m&ocirc;&#382;u kedyko&#318;vek zobrazi&#357;, upravi&#357; alebo vymaza&#357; svoje osobn&eacute; &uacute;daje (okrem toho, &#382;e nem&ocirc;&#382;u zmeni&#357; svoje pou&#382;&iacute;vate&#318;sk&eacute; meno). Tieto inform&aacute;cie m&ocirc;&#382;u vidie&#357; a upravova&#357; aj spr&aacute;vcovia webov&yacute;ch str&aacute;nok.<\/p>\n\n<h2 class=\"wp-block-heading\">Ak&eacute; m&aacute;te pr&aacute;va na svoje &uacute;daje<\/h2>\n\n<p>Ak m&aacute;te na tejto str&aacute;nke &uacute;&#269;et alebo ste zanechali koment&aacute;re, m&ocirc;&#382;ete po&#382;iada&#357; o zaslanie exportovan&eacute;ho s&uacute;boru osobn&yacute;ch &uacute;dajov, ktor&eacute; o v&aacute;s uchov&aacute;vame, vr&aacute;tane v&scaron;etk&yacute;ch &uacute;dajov, ktor&eacute; ste n&aacute;m poskytli. M&ocirc;&#382;ete tie&#382; po&#382;iada&#357; o vymazanie v&scaron;etk&yacute;ch osobn&yacute;ch &uacute;dajov, ktor&eacute; o v&aacute;s m&aacute;me. Nepatria sem &#382;iadne &uacute;daje, ktor&eacute; sme povinn&iacute; uchov&aacute;va&#357; na administrat&iacute;vne, pr&aacute;vne alebo bezpe&#269;nostn&eacute; &uacute;&#269;ely.<\/p>\n\n<h2 class=\"wp-block-heading\">Kam sa va&scaron;e &uacute;daje odosielaj&uacute;<\/h2>\n\n<p>Koment&aacute;re n&aacute;v&scaron;tevn&iacute;kov m&ocirc;&#382;u by&#357; kontrolovan&eacute; prostredn&iacute;ctvom automatickej slu&#382;by na detekciu spamu.<\/p>\n<div id=\"sssp-content-end\"><\/div>","protected":false},"excerpt":{"rendered":"<p>Kto sme Na&scaron;a webov&aacute; adresa je: https:\/\/fomoday.com. Koment&aacute;re Ke&#271; n&aacute;v&scaron;tevn&iacute;ci zanech&aacute;vaj&uacute; na str&aacute;nke koment&aacute;re, zhroma&#382;&#271;ujeme &uacute;daje uveden&eacute; vo formul&aacute;ri koment&aacute;ra a tie&#382; IP adresu n&aacute;v&scaron;tevn&iacute;ka a re&#357;azec pou&#382;&iacute;vate&#318;sk&eacute;ho agenta prehliada&#269;a, aby sme pomohli odhali&#357; spam. Slu&#382;be Gravatar m&ocirc;&#382;e by&#357; poskytnut&yacute; anonymizovan&yacute; re&#357;azec vytvoren&yacute; z va&scaron;ej e-mailovej adresy (naz&yacute;van&yacute; aj hash), aby zistila, &#269;i ju pou&#382;&iacute;vate. [&hellip;]<\/p>\n","protected":false},"author":1,"featured_media":0,"parent":0,"menu_order":0,"comment_status":"closed","ping_status":"open","template":"","meta":{"footnotes":""},"class_list":["post-3240","page","type-page","status-publish"],"yoast_head":"<!-- This site is optimized with the Yoast SEO plugin v26.5 - https:\/\/yoast.com\/wordpress\/plugins\/seo\/ -->\n<title>Z\u00e1sady ochrany osobn\u00fdch \u00fadajov - Fomoday.com<\/title>\n<meta name=\"robots\" content=\"index, follow, max-snippet:-1, max-image-preview:large, max-video-preview:-1\" \/>\n<link rel=\"canonical\" href=\"https:\/\/fomoday.com\/sk\/zasady-ochrany-osobnych-udajov\/\" \/>\n<meta property=\"og:locale\" content=\"sk_SK\" \/>\n<meta property=\"og:type\" content=\"article\" \/>\n<meta property=\"og:title\" content=\"Z\u00e1sady ochrany osobn\u00fdch \u00fadajov - Fomoday.com\" \/>\n<meta property=\"og:description\" content=\"Kto sme Na&scaron;a webov&aacute; adresa je: https:\/\/fomoday.com. Koment&aacute;re Ke&#271; n&aacute;v&scaron;tevn&iacute;ci zanech&aacute;vaj&uacute; na str&aacute;nke koment&aacute;re, zhroma&#382;&#271;ujeme &uacute;daje uveden&eacute; vo formul&aacute;ri koment&aacute;ra a tie&#382; IP adresu n&aacute;v&scaron;tevn&iacute;ka a re&#357;azec pou&#382;&iacute;vate&#318;sk&eacute;ho agenta prehliada&#269;a, aby sme pomohli odhali&#357; spam. Slu&#382;be Gravatar m&ocirc;&#382;e by&#357; poskytnut&yacute; anonymizovan&yacute; re&#357;azec vytvoren&yacute; z va&scaron;ej e-mailovej adresy (naz&yacute;van&yacute; aj hash), aby zistila, &#269;i ju pou&#382;&iacute;vate. [&hellip;]\" \/>\n<meta property=\"og:url\" content=\"https:\/\/fomoday.com\/sk\/zasady-ochrany-osobnych-udajov\/\" \/>\n<meta property=\"og:site_name\" content=\"Fomoday.com\" \/>\n<meta property=\"article:publisher\" content=\"https:\/\/www.facebook.com\/fomoday\" \/>\n<meta property=\"article:modified_time\" content=\"2024-06-24T17:18:08+00:00\" \/>\n<meta property=\"og:image\" content=\"https:\/\/fomoday.com\/wp-content\/uploads\/2024\/06\/fomoday-logo-mini.png\" \/>\n\t<meta property=\"og:image:width\" content=\"512\" \/>\n\t<meta property=\"og:image:height\" content=\"512\" \/>\n\t<meta property=\"og:image:type\" content=\"image\/png\" \/>\n<meta name=\"twitter:card\" content=\"summary_large_image\" \/>\n<meta name=\"twitter:site\" content=\"@fomoday_com\" \/>\n<meta name=\"twitter:label1\" content=\"Predpokladan\u00fd \u010das \u010d\u00edtania\" \/>\n\t<meta name=\"twitter:data1\" content=\"4 min\u00faty\" \/>\n<script type=\"application\/ld+json\" class=\"yoast-schema-graph\">{\"@context\":\"https:\/\/schema.org\",\"@graph\":[{\"@type\":\"WebPage\",\"@id\":\"https:\/\/fomoday.com\/sk\/zasady-ochrany-osobnych-udajov\/\",\"url\":\"https:\/\/fomoday.com\/sk\/zasady-ochrany-osobnych-udajov\/\",\"name\":\"Z\u00e1sady ochrany osobn\u00fdch \u00fadajov - Fomoday.com\",\"isPartOf\":{\"@id\":\"https:\/\/fomoday.com\/sk\/#website\"},\"datePublished\":\"2024-03-12T23:36:00+00:00\",\"dateModified\":\"2024-06-24T17:18:08+00:00\",\"breadcrumb\":{\"@id\":\"https:\/\/fomoday.com\/sk\/zasady-ochrany-osobnych-udajov\/#breadcrumb\"},\"inLanguage\":\"sk-SK\",\"potentialAction\":[{\"@type\":\"ReadAction\",\"target\":[\"https:\/\/fomoday.com\/sk\/zasady-ochrany-osobnych-udajov\/\"]}]},{\"@type\":\"BreadcrumbList\",\"@id\":\"https:\/\/fomoday.com\/sk\/zasady-ochrany-osobnych-udajov\/#breadcrumb\",\"itemListElement\":[{\"@type\":\"ListItem\",\"position\":1,\"name\":\"Home\",\"item\":\"https:\/\/fomoday.com\/sk\/\"},{\"@type\":\"ListItem\",\"position\":2,\"name\":\"Z\u00e1sady ochrany osobn\u00fdch \u00fadajov\"}]},{\"@type\":\"WebSite\",\"@id\":\"https:\/\/fomoday.com\/sk\/#website\",\"url\":\"https:\/\/fomoday.com\/sk\/\",\"name\":\"Fomoday.com\",\"description\":\"Finance and cryptocurrency news portal\",\"publisher\":{\"@id\":\"https:\/\/fomoday.com\/sk\/#organization\"},\"potentialAction\":[{\"@type\":\"SearchAction\",\"target\":{\"@type\":\"EntryPoint\",\"urlTemplate\":\"https:\/\/fomoday.com\/sk\/?s={search_term_string}\"},\"query-input\":{\"@type\":\"PropertyValueSpecification\",\"valueRequired\":true,\"valueName\":\"search_term_string\"}}],\"inLanguage\":\"sk-SK\"},{\"@type\":\"Organization\",\"@id\":\"https:\/\/fomoday.com\/sk\/#organization\",\"name\":\"Fomoday.com\",\"url\":\"https:\/\/fomoday.com\/sk\/\",\"logo\":{\"@type\":\"ImageObject\",\"inLanguage\":\"sk-SK\",\"@id\":\"https:\/\/fomoday.com\/sk\/#\/schema\/logo\/image\/\",\"url\":\"https:\/\/fomoday.com\/wp-content\/uploads\/2024\/06\/cropped-fomoday-logo-mini.png\",\"contentUrl\":\"https:\/\/fomoday.com\/wp-content\/uploads\/2024\/06\/cropped-fomoday-logo-mini.png\",\"width\":512,\"height\":512,\"caption\":\"Fomoday.com\"},\"image\":{\"@id\":\"https:\/\/fomoday.com\/sk\/#\/schema\/logo\/image\/\"},\"sameAs\":[\"https:\/\/www.facebook.com\/fomoday\",\"https:\/\/x.com\/fomoday_com\",\"https:\/\/www.youtube.com\/channel\/UClsHuVFZEu7BBofcsZArCOw\"]}]}<\/script>\n<!-- \/ Yoast SEO plugin. -->","yoast_head_json":{"title":"Z\u00e1sady ochrany osobn\u00fdch \u00fadajov - Fomoday.com","robots":{"index":"index","follow":"follow","max-snippet":"max-snippet:-1","max-image-preview":"max-image-preview:large","max-video-preview":"max-video-preview:-1"},"canonical":"https:\/\/fomoday.com\/sk\/zasady-ochrany-osobnych-udajov\/","og_locale":"sk_SK","og_type":"article","og_title":"Z\u00e1sady ochrany osobn\u00fdch \u00fadajov - Fomoday.com","og_description":"Kto sme Na&scaron;a webov&aacute; adresa je: https:\/\/fomoday.com. Koment&aacute;re Ke&#271; n&aacute;v&scaron;tevn&iacute;ci zanech&aacute;vaj&uacute; na str&aacute;nke koment&aacute;re, zhroma&#382;&#271;ujeme &uacute;daje uveden&eacute; vo formul&aacute;ri koment&aacute;ra a tie&#382; IP adresu n&aacute;v&scaron;tevn&iacute;ka a re&#357;azec pou&#382;&iacute;vate&#318;sk&eacute;ho agenta prehliada&#269;a, aby sme pomohli odhali&#357; spam. Slu&#382;be Gravatar m&ocirc;&#382;e by&#357; poskytnut&yacute; anonymizovan&yacute; re&#357;azec vytvoren&yacute; z va&scaron;ej e-mailovej adresy (naz&yacute;van&yacute; aj hash), aby zistila, &#269;i ju pou&#382;&iacute;vate. [&hellip;]","og_url":"https:\/\/fomoday.com\/sk\/zasady-ochrany-osobnych-udajov\/","og_site_name":"Fomoday.com","article_publisher":"https:\/\/www.facebook.com\/fomoday","article_modified_time":"2024-06-24T17:18:08+00:00","og_image":[{"width":512,"height":512,"url":"https:\/\/fomoday.com\/wp-content\/uploads\/2024\/06\/fomoday-logo-mini.png","type":"image\/png"}],"twitter_card":"summary_large_image","twitter_site":"@fomoday_com","twitter_misc":{"Predpokladan\u00fd \u010das \u010d\u00edtania":"4 min\u00faty"},"schema":{"@context":"https:\/\/schema.org","@graph":[{"@type":"WebPage","@id":"https:\/\/fomoday.com\/sk\/zasady-ochrany-osobnych-udajov\/","url":"https:\/\/fomoday.com\/sk\/zasady-ochrany-osobnych-udajov\/","name":"Z\u00e1sady ochrany osobn\u00fdch \u00fadajov - Fomoday.com","isPartOf":{"@id":"https:\/\/fomoday.com\/sk\/#website"},"datePublished":"2024-03-12T23:36:00+00:00","dateModified":"2024-06-24T17:18:08+00:00","breadcrumb":{"@id":"https:\/\/fomoday.com\/sk\/zasady-ochrany-osobnych-udajov\/#breadcrumb"},"inLanguage":"sk-SK","potentialAction":[{"@type":"ReadAction","target":["https:\/\/fomoday.com\/sk\/zasady-ochrany-osobnych-udajov\/"]}]},{"@type":"BreadcrumbList","@id":"https:\/\/fomoday.com\/sk\/zasady-ochrany-osobnych-udajov\/#breadcrumb","itemListElement":[{"@type":"ListItem","position":1,"name":"Home","item":"https:\/\/fomoday.com\/sk\/"},{"@type":"ListItem","position":2,"name":"Z\u00e1sady ochrany osobn\u00fdch \u00fadajov"}]},{"@type":"WebSite","@id":"https:\/\/fomoday.com\/sk\/#website","url":"https:\/\/fomoday.com\/sk\/","name":"Fomoday.com","description":"Finance and cryptocurrency news portal","publisher":{"@id":"https:\/\/fomoday.com\/sk\/#organization"},"potentialAction":[{"@type":"SearchAction","target":{"@type":"EntryPoint","urlTemplate":"https:\/\/fomoday.com\/sk\/?s={search_term_string}"},"query-input":{"@type":"PropertyValueSpecification","valueRequired":true,"valueName":"search_term_string"}}],"inLanguage":"sk-SK"},{"@type":"Organization","@id":"https:\/\/fomoday.com\/sk\/#organization","name":"Fomoday.com","url":"https:\/\/fomoday.com\/sk\/","logo":{"@type":"ImageObject","inLanguage":"sk-SK","@id":"https:\/\/fomoday.com\/sk\/#\/schema\/logo\/image\/","url":"https:\/\/fomoday.com\/wp-content\/uploads\/2024\/06\/cropped-fomoday-logo-mini.png","contentUrl":"https:\/\/fomoday.com\/wp-content\/uploads\/2024\/06\/cropped-fomoday-logo-mini.png","width":512,"height":512,"caption":"Fomoday.com"},"image":{"@id":"https:\/\/fomoday.com\/sk\/#\/schema\/logo\/image\/"},"sameAs":["https:\/\/www.facebook.com\/fomoday","https:\/\/x.com\/fomoday_com","https:\/\/www.youtube.com\/channel\/UClsHuVFZEu7BBofcsZArCOw"]}]}},"_links":{"self":[{"href":"https:\/\/fomoday.com\/sk\/wp-json\/wp\/v2\/pages\/3240","targetHints":{"allow":["GET"]}}],"collection":[{"href":"https:\/\/fomoday.com\/sk\/wp-json\/wp\/v2\/pages"}],"about":[{"href":"https:\/\/fomoday.com\/sk\/wp-json\/wp\/v2\/types\/page"}],"author":[{"embeddable":true,"href":"https:\/\/fomoday.com\/sk\/wp-json\/wp\/v2\/users\/1"}],"replies":[{"embeddable":true,"href":"https:\/\/fomoday.com\/sk\/wp-json\/wp\/v2\/comments?post=3240"}],"version-history":[{"count":1,"href":"https:\/\/fomoday.com\/sk\/wp-json\/wp\/v2\/pages\/3240\/revisions"}],"predecessor-version":[{"id":3241,"href":"https:\/\/fomoday.com\/sk\/wp-json\/wp\/v2\/pages\/3240\/revisions\/3241"}],"wp:attachment":[{"href":"https:\/\/fomoday.com\/sk\/wp-json\/wp\/v2\/media?parent=3240"}],"curies":[{"name":"wp","href":"https:\/\/api.w.org\/{rel}","templated":true}]}}