{"id":3812,"date":"2024-08-08T21:17:06","date_gmt":"2024-08-08T21:17:06","guid":{"rendered":"https:\/\/fomoday.com\/?page_id=3812"},"modified":"2024-09-10T21:35:47","modified_gmt":"2024-09-10T21:35:47","slug":"braiins-miner-bmm-100-101","status":"publish","type":"page","link":"https:\/\/fomoday.com\/cs\/braiins-miner-bmm-100-101\/","title":{"rendered":"Braiins mini miner BMM 100, 101"},"content":{"rendered":"<p>Braiins mini miner BMM 100 je prvn&iacute; kousek hardware, kter&yacute; firma Braiins p&#345;edstavila na konferenci <a class=\"glossaryLink cmtt_Kryptom&#283;na\"  aria-describedby=\"tt\"  data-cmtooltip=\"&lt;div class=glossaryItemBody&gt; Bitcoin je decentralizovan&aacute; digit&aacute;ln&iacute; m&#283;na (kryptom&#283;na), kter&aacute; funguje bez centr&aacute;ln&iacute; autority, jako je banka nebo vl&aacute;da. Poprv&eacute; byl p&#345;edstaven v roce 2009 osobou &#269;i skupinou osob pod pseudonymem Satoshi Nakamoto, co&#382;(...)&lt;\/div&gt;\"  href=\"https:\/\/fomoday.com\/cs\/slovnik-cs\/bitcoin\/\"  data-mobile-support=\"0\"  data-gt-translate-attributes='[{\"attribute\":\"data-cmtooltip\", \"format\":\"html\"}]' tabindex='0' role='link'>BTC<\/a> Prague 2024 v Praze.<\/p>\n\n\n\n<p><em>Braiins je provozovatelem <a href=\"https:\/\/fomoday.com\/cs\/top-10-bitcoin-mining-poolu-v-roce-2024\/\">bitcoinov&eacute;ho t&#283;&#382;ebn&iacute;ho poolu<\/a>, d&#345;&iacute;ve zn&aacute;m&yacute; jako SlushPool (prvn&iacute; bitcoin mining pool na sv&#283;t&#283;).<\/em><\/p>\n\n\n\n<h2 class=\"wp-block-heading\">Update 10.9.2024 : P&#345;edobjedn&aacute;vky mineru BMM 101 pr&aacute;v&#283; spu&scaron;t&#283;ny!<\/h2>\n\n\n\n<p><strong>S k&oacute;dem KM10<\/strong> m&#367;&#382;ete nakoupit jak&eacute;koliv zbo&#382;&iacute; na  Braiins Shopu s <strong>10% slevou! V&#269;etn&#283; BMM 101<\/strong><\/p>\n\n\n\n<p>Odkaz: <a href=\"https:\/\/shop.braiins.com\/discount\/KM10\">https:\/\/shop.braiins.com\/discount\/KM10<\/a><\/p>\n\n\n\n<p><em>Brzy se m&#367;&#382;ete t&#283;&scaron;it na recenzi, kterou zde vlo&#382;&iacute;me<\/em><\/p>\n\n\n<ul class=\"wp-block-latest-posts__list wp-block-latest-posts\"><li><a class=\"wp-block-latest-posts__post-title\" href=\"https:\/\/fomoday.com\/cs\/top-10-bitcoin-mining-poolu-v-roce-2024\/\">Top 10 Bitcoin Mining Pool&#367; v roce 2024<\/a><\/li>\n<li><a class=\"wp-block-latest-posts__post-title\" href=\"https:\/\/fomoday.com\/cs\/metody-vyplaceni-v-bitcoinovych-tezebnich-poolech\/\">Metody vypl&aacute;cen&iacute; v bitcoinov&yacute;ch t&#283;&#382;ebn&iacute;ch poolech<\/a><\/li>\n<\/ul>\n\n\n<h2 class=\"wp-block-heading\">Braiins mini miner BMM 100<\/h2>\n\n\n\n<p>Prvn&iacute; t&#283;&#382;ebn&iacute; stroj z d&iacute;lny Braiins. Jedn&aacute; se prakticky o &ldquo;lucky miner&rdquo; s v&yacute;konem 1 TH\/s se spot&#345;ebou 50 Watt. Jeho zapojen&iacute; v&aacute;m zabere jen p&aacute;r minut, v&scaron;e je rychl&eacute; a intuitivn&iacute;.<\/p>\n\n\n\n<figure class=\"wp-block-gallery has-nested-images columns-default is-cropped wp-block-gallery-1 is-layout-flex wp-block-gallery-is-layout-flex\">\n<figure class=\"wp-block-image size-large\"><img decoding=\"async\" data-id=\"3855\" src=\"https:\/\/fomoday.com\/wp-content\/uploads\/2024\/08\/IMG_4366-1-826x1024.jpeg\" alt=\"Braiins mini miner BMM 100 \" class=\"wp-image-3855\"\/><\/figure>\n\n\n\n<figure class=\"wp-block-image size-large\"><img loading=\"lazy\" decoding=\"async\" width=\"944\" height=\"1024\" data-id=\"3841\" src=\"https:\/\/fomoday.com\/wp-content\/uploads\/2024\/08\/IMG_4365-944x1024.jpeg\" alt=\"Braiins mini miner BMM 100 - box\" class=\"wp-image-3841\"\/><\/figure>\n\n\n\n<figure class=\"wp-block-image size-large\"><img loading=\"lazy\" decoding=\"async\" width=\"659\" height=\"1024\" data-id=\"3813\" src=\"https:\/\/fomoday.com\/wp-content\/uploads\/2024\/08\/IMG_4364-659x1024.jpeg\" alt=\"Braiins mini miner BMM 100 - statistiky, v&yacute;kon\" class=\"wp-image-3813\"\/><\/figure>\n<\/figure>\n\n\n\n<h2 class=\"wp-block-heading\">Solo mining &ndash; n&#283;co jako ticket do loterie<\/h2>\n\n\n\n<p>Pokud tento stoj nebudete p&#345;ipojovat do poolu, ale nech&aacute;te jej hledat blok s&oacute;lo. Je to n&#283;co jako byste si ka&#382;d&yacute;ch 10 minut (blok) vsadili ticket, jeho&#382; v&yacute;hra je pravd&#283;podobn&#283;j&scaron;&iacute; ne&#382;li ve sportce. Pokud byste to trefili, z&iacute;sk&aacute;te 3,125 BTC + transak&#269;n&iacute; poplatky!<\/p>\n\n\n\n<h2 class=\"wp-block-heading\">Sportka vs. Solo mining s 1 TH\/s<\/h2>\n\n\n\n<p>Toto porovn&aacute;n&iacute; ukazuje, &#382;e i kdy&#382; jsou ob&#283; pravd&#283;podobnosti velmi n&iacute;zk&eacute;, pravd&#283;podobnost vyt&#283;&#382;it blok <a class=\"glossaryLink cmtt_Kryptom&#283;na\"  aria-describedby=\"tt\"  data-cmtooltip=\"&lt;div class=glossaryItemBody&gt; Bitcoin je decentralizovan&aacute; digit&aacute;ln&iacute; m&#283;na (kryptom&#283;na), kter&aacute; funguje bez centr&aacute;ln&iacute; autority, jako je banka nebo vl&aacute;da. Poprv&eacute; byl p&#345;edstaven v roce 2009 osobou &#269;i skupinou osob pod pseudonymem Satoshi Nakamoto, co&#382;(...)&lt;\/div&gt;\"  href=\"https:\/\/fomoday.com\/cs\/slovnik-cs\/bitcoin\/\"  data-mobile-support=\"0\"  data-gt-translate-attributes='[{\"attribute\":\"data-cmtooltip\", \"format\":\"html\"}]' tabindex='0' role='link'>BTC<\/a> s 1 TH\/s je v&yacute;razn&#283; vy&scaron;&scaron;&iacute; ne&#382; pravd&#283;podobnost v&yacute;hry hlavn&iacute; ceny ve Sportce.<\/p>\n\n\n\n<p><strong>Tabulka porovn&aacute;n&iacute;<\/strong><\/p>\n\n\n\n<figure class=\"wp-block-table\"><table class=\"has-fixed-layout\"><tbody><tr><td><strong>Faktor<\/strong><\/td><td><strong>BTC 1 TH\/s<\/strong><\/td><td><strong>Sportka<\/strong><\/td><\/tr><tr><td>Celkov&aacute; hashrate\/Po&#269;et kombinac&iacute;<\/td><td>572,640,000 TH\/s<\/td><td>13,983,816<\/td><\/tr><tr><td>Po&#269;et blok&#367; denn&#283;\/losov&aacute;n&iacute; ro&#269;n&#283;<\/td><td>144<\/td><td>104<\/td><\/tr><tr><td>Pravd&#283;podobnost za den\/losov&aacute;n&iacute;<\/td><td>2.514 &times; 1 0 &minus; 7 2.514&times;10&minus;7<\/td><td>7.15 &times; 1 0 &minus; 8 7.15&times;10&minus;8<\/td><\/tr><tr><td>Pravd&#283;podobnost za rok<\/td><td>9.18 &times; 1 0 &minus; 5 9.18&times;10&minus;5<\/td><td>7.436 &times; 1 0 &minus; 6 7.436&times;10&minus;6<\/td><\/tr><tr><td><\/td><td><\/td><td><\/td><\/tr><tr><td><strong>Pr&#367;m&#283;rn&yacute; po&#269;et let na &uacute;sp&#283;ch<\/strong><\/td><td><strong>10,896<\/strong><\/td><td><strong>134,483<\/strong><\/td><\/tr><\/tbody><\/table><\/figure>\n\n\n\n<ul class=\"wp-block-list\">\n<li><strong>BTC mining s 1 TH\/s<\/strong>: Pravd&#283;podobnost vyt&#283;&#382;it blok s 1 TH\/s je velmi n&iacute;zk&aacute;, p&#345;i&#269;em&#382; pr&#367;m&#283;rn&yacute; po&#269;et let na vyt&#283;&#382;en&iacute; jednoho bloku je p&#345;ibli&#382;n&#283; 10,896 let.<\/li>\n\n\n\n<li><strong>Sportka<\/strong>: Pravd&#283;podobnost v&yacute;hry hlavn&iacute; ceny ve Sportce je je&scaron;t&#283; ni&#382;&scaron;&iacute;, p&#345;i&#269;em&#382; pr&#367;m&#283;rn&yacute; po&#269;et let na v&yacute;hru je p&#345;ibli&#382;n&#283; 134,483 let.<\/li>\n<\/ul>\n\n\n\n<p><\/p>\n\n\n\n<h3 class=\"wp-block-heading\"><strong>N&aacute;klady na Sportku vs t&#283;&#382;bu Bitcoinu<\/strong><\/h3>\n\n\n\n<p><strong>Sportka<\/strong><\/p>\n\n\n\n<ul class=\"wp-block-list\">\n<li><strong>Cena jednoho tiketu<\/strong>: 20 K&#269;<\/li>\n\n\n\n<li><strong>Po&#269;et losov&aacute;n&iacute; za rok<\/strong>: 104 (dvakr&aacute;t t&yacute;dn&#283;)<\/li>\n\n\n\n<li><strong>Ro&#269;n&iacute; n&aacute;klady<\/strong>: 2,080 K&#269; (20 K&#269; &times; 104 losov&aacute;n&iacute;)<\/li>\n<\/ul>\n\n\n\n<p><strong><a class=\"glossaryLink cmtt_Kryptom&#283;na\"  aria-describedby=\"tt\"  data-cmtooltip=\"&lt;div class=glossaryItemBody&gt; Bitcoin je decentralizovan&aacute; digit&aacute;ln&iacute; m&#283;na (kryptom&#283;na), kter&aacute; funguje bez centr&aacute;ln&iacute; autority, jako je banka nebo vl&aacute;da. Poprv&eacute; byl p&#345;edstaven v roce 2009 osobou &#269;i skupinou osob pod pseudonymem Satoshi Nakamoto, co&#382;(...)&lt;\/div&gt;\"  href=\"https:\/\/fomoday.com\/cs\/slovnik-cs\/bitcoin\/\"  data-mobile-support=\"0\"  data-gt-translate-attributes='[{\"attribute\":\"data-cmtooltip\", \"format\":\"html\"}]' tabindex='0' role='link'>Bitcoin<\/a> (1 TH\/s, 50 W)<\/strong><\/p>\n\n\n\n<ul class=\"wp-block-list\">\n<li><strong>Denn&iacute; spot&#345;eba energie<\/strong>: 1.2 kWh (50 W &times; 24 hodin)<\/li>\n\n\n\n<li><strong>Cena elekt&#345;iny<\/strong>: 5 K&#269; za kWh<\/li>\n\n\n\n<li><strong>Denn&iacute; n&aacute;klady na elekt&#345;inu<\/strong>: 6 K&#269; (1.2 kWh &times; 5 K&#269;)<\/li>\n\n\n\n<li><strong>Ro&#269;n&iacute; n&aacute;klady<\/strong>: 2,190 K&#269; (6 K&#269; &times; 365 dn&iacute;)<\/li>\n<\/ul>\n\n\n\n<p><strong>Shrnut&iacute;<\/strong><\/p>\n\n\n\n<figure class=\"wp-block-table\"><table class=\"has-fixed-layout\"><tbody><tr><td><strong>Faktor<\/strong><\/td><td><strong>Sportka<\/strong><\/td><td><strong>Bitcoin (1 TH\/s, 50 W)<\/strong><\/td><\/tr><tr><td>Cena jednoho tiketu \/ Denn&iacute; n&aacute;klady<\/td><td>20 K&#269;<\/td><td>6 K&#269;<\/td><\/tr><tr><td>Ro&#269;n&iacute; n&aacute;klady<\/td><td>2,080 K&#269;<\/td><td>2,190 K&#269;<\/td><\/tr><\/tbody><\/table><\/figure>\n\n\n\n<ul class=\"wp-block-list\">\n<li><strong>Sportka<\/strong>: Ro&#269;n&iacute; n&aacute;klady na s&aacute;zen&iacute; jsou p&#345;ibli&#382;n&#283; 2,080 K&#269;.<\/li>\n\n\n\n<li><strong>Bitcoin (1 TH\/s)<\/strong>: Ro&#269;n&iacute; n&aacute;klady na t&#283;&#382;bu jsou p&#345;ibli&#382;n&#283; 2,190 K&#269;.<\/li>\n<\/ul>\n\n\n\n<p>Oba zp&#367;soby maj&iacute; podobn&eacute; ro&#269;n&iacute; n&aacute;klady, ale pravd&#283;podobnosti &uacute;sp&#283;chu (v&yacute;hry nebo vyt&#283;&#382;en&iacute; bloku) se v&yacute;razn&#283; li&scaron;&iacute;.<\/p>\n\n\n\n<h2 class=\"wp-block-heading\">Zapojen&iacute; BMM do poolu &ndash; nonsens<\/h2>\n\n\n\n<p>Ano, po tom co jste &#269;etli, mining v pool s 1 TH\/s ned&aacute;v&aacute; smysl. Pokud nechcete jet na n&aacute;hodu, ve stylu sportky s vy&scaron;&scaron;&iacute; pravd&#283;podobnost&iacute;, <a href=\"https:\/\/braiins.com\/\" target=\"_blank\" rel=\"noreferrer noopener\">Braiins<\/a> BMM 100 zapojen&yacute; do poolu v&aacute;s p&#345;&iacute;li&scaron; neuchv&aacute;t&iacute;.<\/p>\n\n\n\n<h3 class=\"wp-block-heading\">Efektivita BMM 100<\/h3>\n\n\n\n<p>P&#345;i spot&#345;eb&#283; s cenou 5 K&#269; denn&#283; toti&#382; vyt&#283;&#382;&iacute; <a class=\"glossaryLink cmtt_Kryptom&#283;na\"  aria-describedby=\"tt\"  data-cmtooltip=\"&lt;div class=glossaryItemBody&gt; Bitcoin je decentralizovan&aacute; digit&aacute;ln&iacute; m&#283;na (kryptom&#283;na), kter&aacute; funguje bez centr&aacute;ln&iacute; autority, jako je banka nebo vl&aacute;da. Poprv&eacute; byl p&#345;edstaven v roce 2009 osobou &#269;i skupinou osob pod pseudonymem Satoshi Nakamoto, co&#382;(...)&lt;\/div&gt;\"  href=\"https:\/\/fomoday.com\/cs\/slovnik-cs\/bitcoin\/\"  data-mobile-support=\"0\"  data-gt-translate-attributes='[{\"attribute\":\"data-cmtooltip\", \"format\":\"html\"}]' tabindex='0' role='link'>BTC<\/a> asi za korunu. Tak&#382;e budete tratit, a je pro v&aacute;s v&yacute;hodn&#283;j&scaron;&iacute; si v tomto p&#345;&iacute;pad&#283; BTC rovnou kupovat, ne&#382;li t&#283;&#382;it v poolu s takto mal&yacute;m hashrate.<\/p>\n\n\n\n<h3 class=\"wp-block-heading\">Dostupnost Braiins Mini Mineru<\/h3>\n\n\n\n<p>Tento miner je zcela vyprodan&yacute;, a nyn&iacute; ho lze p&#345;edobjednat. Pokud jej chcete ihned, v redakci m&aacute;me 3-4 kusy nav&iacute;c&hellip; V p&#345;&iacute;pad&#283; z&aacute;jmu napi&scaron;te zde do koment&aacute;&#345;e, nebo na n&aacute;&scaron; <a href=\"https:\/\/x.com\/fomoday_com\">X (Twitter).  <\/a><\/p>\n\n\n\n<h2 class=\"wp-block-heading\">Z&aacute;v&#283;r<\/h2>\n\n\n\n<p>Braiins BMM 100, je n&aacute;dhern&yacute; kousek hardware. Pro ty, kte&#345;&iacute; uva&#382;uj&iacute; o t&#283;&#382;b&#283;, ale cht&#283;j&iacute; si to zat&iacute;m jen osahat, n&#283;co se nau&#269;it, zapojit si ho s&oacute;lo, do poolu, v&#269;ele doporu&#269;uj&iacute;! Nazval bych to sp&iacute;&scaron;e eduka&#269;n&iacute; miner nebo lucky miner. Nyn&iacute; u&#382; v&iacute;te co od n&#283;j &#269;ekat, tak&#382;e t&#283;m co si ho po&#345;&iacute;d&iacute;, bude d&#283;lat radost &#128578;<\/p>\n\n\n\n<p><\/p>\n<div id=\"sssp-content-end\"><\/div>","protected":false},"excerpt":{"rendered":"<p>Braiins mini miner BMM 100 je prvn&iacute; kousek hardware, kter&yacute; firma Braiins p&#345;edstavila na konferenci BTC Prague 2024 v Praze. Braiins je provozovatelem bitcoinov&eacute;ho t&#283;&#382;ebn&iacute;ho poolu, d&#345;&iacute;ve zn&aacute;m&yacute; jako SlushPool (prvn&iacute; <a class=\"glossaryLink cmtt_Kryptom&#283;na\" aria-describedby=\"tt\" data-cmtooltip=\"&lt;div class=glossaryItemBody&gt; Bitcoin je decentralizovan&aacute; digit&aacute;ln&iacute; m&#283;na (kryptom&#283;na), kter&aacute; funguje bez centr&aacute;ln&iacute; autority, jako je banka nebo vl&aacute;da. Poprv&eacute; byl p&#345;edstaven v roce 2009 osobou &#269;i skupinou osob pod pseudonymem Satoshi Nakamoto, co&#382;(...)&lt;\/div&gt;\" href=\"https:\/\/fomoday.com\/cs\/slovnik-cs\/bitcoin\/\" data-mobile-support=\"0\" data-gt-translate-attributes='[{\"attribute\":\"data-cmtooltip\", \"format\":\"html\"}]' tabindex=\"0\" role=\"link\">bitcoin<\/a> mining pool na sv&#283;t&#283;). Update 10.9.2024 : P&#345;edobjedn&aacute;vky mineru BMM 101 pr&aacute;v&#283; spu&scaron;t&#283;ny! S k&oacute;dem KM10 m&#367;&#382;ete nakoupit jak&eacute;koliv zbo&#382;&iacute; na Braiins Shopu [&hellip;]<\/p>\n","protected":false},"author":1,"featured_media":3855,"parent":0,"menu_order":0,"comment_status":"open","ping_status":"closed","template":"","meta":{"footnotes":""},"class_list":["post-3812","page","type-page","status-publish","has-post-thumbnail"],"yoast_head":"<!-- This site is optimized with the Yoast SEO plugin v26.5 - https:\/\/yoast.com\/wordpress\/plugins\/seo\/ -->\n<title>Braiins mini miner BMM 100, 101 - Fomoday.com<\/title>\n<meta name=\"description\" content=\"Braiins miner BMM 100 a 101 - Lze s t\u00edm t\u011b\u017eit Bitcoin, d\u00e1v\u00e1 to smysl? Ano, ale pouze za jist\u00fdch podm\u00ednek, kter\u00e9 to jsou? V\u00edce v \u010dl\u00e1nku!\" \/>\n<meta name=\"robots\" content=\"index, follow, max-snippet:-1, max-image-preview:large, max-video-preview:-1\" \/>\n<link rel=\"canonical\" href=\"https:\/\/fomoday.com\/cs\/braiins-miner-bmm-100-101\/\" \/>\n<meta property=\"og:locale\" content=\"cs_CZ\" \/>\n<meta property=\"og:type\" content=\"article\" \/>\n<meta property=\"og:title\" content=\"Braiins mini miner BMM 100, 101 - Fomoday.com\" \/>\n<meta property=\"og:description\" content=\"Braiins miner BMM 100 a 101 - Lze s t\u00edm t\u011b\u017eit Bitcoin, d\u00e1v\u00e1 to smysl? Ano, ale pouze za jist\u00fdch podm\u00ednek, kter\u00e9 to jsou? V\u00edce v \u010dl\u00e1nku!\" \/>\n<meta property=\"og:url\" content=\"https:\/\/fomoday.com\/cs\/braiins-miner-bmm-100-101\/\" \/>\n<meta property=\"og:site_name\" content=\"Fomoday.com\" \/>\n<meta property=\"article:publisher\" content=\"https:\/\/www.facebook.com\/fomoday\" \/>\n<meta property=\"article:modified_time\" content=\"2024-09-10T21:35:47+00:00\" \/>\n<meta property=\"og:image\" content=\"https:\/\/fomoday.com\/wp-content\/uploads\/2024\/08\/IMG_4366-1-e1723151973980.jpeg\" \/>\n\t<meta property=\"og:image:width\" content=\"1170\" \/>\n\t<meta property=\"og:image:height\" content=\"802\" \/>\n\t<meta property=\"og:image:type\" content=\"image\/jpeg\" \/>\n<meta name=\"twitter:card\" content=\"summary_large_image\" \/>\n<meta name=\"twitter:site\" content=\"@fomoday_com\" \/>\n<meta name=\"twitter:label1\" content=\"Odhadovan\u00e1 doba \u010dten\u00ed\" \/>\n\t<meta name=\"twitter:data1\" content=\"4 minuty\" \/>\n<script type=\"application\/ld+json\" class=\"yoast-schema-graph\">{\"@context\":\"https:\/\/schema.org\",\"@graph\":[{\"@type\":\"WebPage\",\"@id\":\"https:\/\/fomoday.com\/cs\/braiins-miner-bmm-100-101\/\",\"url\":\"https:\/\/fomoday.com\/cs\/braiins-miner-bmm-100-101\/\",\"name\":\"Braiins mini miner BMM 100, 101 - Fomoday.com\",\"isPartOf\":{\"@id\":\"https:\/\/fomoday.com\/cs\/#website\"},\"primaryImageOfPage\":{\"@id\":\"https:\/\/fomoday.com\/cs\/braiins-miner-bmm-100-101\/#primaryimage\"},\"image\":{\"@id\":\"https:\/\/fomoday.com\/cs\/braiins-miner-bmm-100-101\/#primaryimage\"},\"thumbnailUrl\":\"https:\/\/fomoday.com\/wp-content\/uploads\/2024\/08\/IMG_4366-1-e1723151973980.jpeg\",\"datePublished\":\"2024-08-08T21:17:06+00:00\",\"dateModified\":\"2024-09-10T21:35:47+00:00\",\"description\":\"Braiins miner BMM 100 a 101 - Lze s t\u00edm t\u011b\u017eit Bitcoin, d\u00e1v\u00e1 to smysl? Ano, ale pouze za jist\u00fdch podm\u00ednek, kter\u00e9 to jsou? V\u00edce v \u010dl\u00e1nku!\",\"breadcrumb\":{\"@id\":\"https:\/\/fomoday.com\/cs\/braiins-miner-bmm-100-101\/#breadcrumb\"},\"inLanguage\":\"cs\",\"potentialAction\":[{\"@type\":\"ReadAction\",\"target\":[\"https:\/\/fomoday.com\/cs\/braiins-miner-bmm-100-101\/\"]}]},{\"@type\":\"ImageObject\",\"inLanguage\":\"cs\",\"@id\":\"https:\/\/fomoday.com\/cs\/braiins-miner-bmm-100-101\/#primaryimage\",\"url\":\"https:\/\/fomoday.com\/wp-content\/uploads\/2024\/08\/IMG_4366-1-e1723151973980.jpeg\",\"contentUrl\":\"https:\/\/fomoday.com\/wp-content\/uploads\/2024\/08\/IMG_4366-1-e1723151973980.jpeg\",\"width\":1170,\"height\":802,\"caption\":\"Braiins mini miner BMM 100\"},{\"@type\":\"BreadcrumbList\",\"@id\":\"https:\/\/fomoday.com\/cs\/braiins-miner-bmm-100-101\/#breadcrumb\",\"itemListElement\":[{\"@type\":\"ListItem\",\"position\":1,\"name\":\"Home\",\"item\":\"https:\/\/fomoday.com\/cs\/\"},{\"@type\":\"ListItem\",\"position\":2,\"name\":\"Braiins mini miner BMM 100, 101\"}]},{\"@type\":\"WebSite\",\"@id\":\"https:\/\/fomoday.com\/cs\/#website\",\"url\":\"https:\/\/fomoday.com\/cs\/\",\"name\":\"Fomoday.com\",\"description\":\"Finance and cryptocurrency news portal\",\"publisher\":{\"@id\":\"https:\/\/fomoday.com\/cs\/#organization\"},\"potentialAction\":[{\"@type\":\"SearchAction\",\"target\":{\"@type\":\"EntryPoint\",\"urlTemplate\":\"https:\/\/fomoday.com\/cs\/?s={search_term_string}\"},\"query-input\":{\"@type\":\"PropertyValueSpecification\",\"valueRequired\":true,\"valueName\":\"search_term_string\"}}],\"inLanguage\":\"cs\"},{\"@type\":\"Organization\",\"@id\":\"https:\/\/fomoday.com\/cs\/#organization\",\"name\":\"Fomoday.com\",\"url\":\"https:\/\/fomoday.com\/cs\/\",\"logo\":{\"@type\":\"ImageObject\",\"inLanguage\":\"cs\",\"@id\":\"https:\/\/fomoday.com\/cs\/#\/schema\/logo\/image\/\",\"url\":\"https:\/\/fomoday.com\/wp-content\/uploads\/2024\/06\/cropped-fomoday-logo-mini.png\",\"contentUrl\":\"https:\/\/fomoday.com\/wp-content\/uploads\/2024\/06\/cropped-fomoday-logo-mini.png\",\"width\":512,\"height\":512,\"caption\":\"Fomoday.com\"},\"image\":{\"@id\":\"https:\/\/fomoday.com\/cs\/#\/schema\/logo\/image\/\"},\"sameAs\":[\"https:\/\/www.facebook.com\/fomoday\",\"https:\/\/x.com\/fomoday_com\",\"https:\/\/www.youtube.com\/channel\/UClsHuVFZEu7BBofcsZArCOw\"]}]}<\/script>\n<!-- \/ Yoast SEO plugin. -->","yoast_head_json":{"title":"Braiins mini miner BMM 100, 101 - Fomoday.com","description":"Braiins miner BMM 100 a 101 - Lze s t\u00edm t\u011b\u017eit Bitcoin, d\u00e1v\u00e1 to smysl? Ano, ale pouze za jist\u00fdch podm\u00ednek, kter\u00e9 to jsou? V\u00edce v \u010dl\u00e1nku!","robots":{"index":"index","follow":"follow","max-snippet":"max-snippet:-1","max-image-preview":"max-image-preview:large","max-video-preview":"max-video-preview:-1"},"canonical":"https:\/\/fomoday.com\/cs\/braiins-miner-bmm-100-101\/","og_locale":"cs_CZ","og_type":"article","og_title":"Braiins mini miner BMM 100, 101 - Fomoday.com","og_description":"Braiins miner BMM 100 a 101 - Lze s t\u00edm t\u011b\u017eit Bitcoin, d\u00e1v\u00e1 to smysl? Ano, ale pouze za jist\u00fdch podm\u00ednek, kter\u00e9 to jsou? V\u00edce v \u010dl\u00e1nku!","og_url":"https:\/\/fomoday.com\/cs\/braiins-miner-bmm-100-101\/","og_site_name":"Fomoday.com","article_publisher":"https:\/\/www.facebook.com\/fomoday","article_modified_time":"2024-09-10T21:35:47+00:00","og_image":[{"width":1170,"height":802,"url":"https:\/\/fomoday.com\/wp-content\/uploads\/2024\/08\/IMG_4366-1-e1723151973980.jpeg","type":"image\/jpeg"}],"twitter_card":"summary_large_image","twitter_site":"@fomoday_com","twitter_misc":{"Odhadovan\u00e1 doba \u010dten\u00ed":"4 minuty"},"schema":{"@context":"https:\/\/schema.org","@graph":[{"@type":"WebPage","@id":"https:\/\/fomoday.com\/cs\/braiins-miner-bmm-100-101\/","url":"https:\/\/fomoday.com\/cs\/braiins-miner-bmm-100-101\/","name":"Braiins mini miner BMM 100, 101 - Fomoday.com","isPartOf":{"@id":"https:\/\/fomoday.com\/cs\/#website"},"primaryImageOfPage":{"@id":"https:\/\/fomoday.com\/cs\/braiins-miner-bmm-100-101\/#primaryimage"},"image":{"@id":"https:\/\/fomoday.com\/cs\/braiins-miner-bmm-100-101\/#primaryimage"},"thumbnailUrl":"https:\/\/fomoday.com\/wp-content\/uploads\/2024\/08\/IMG_4366-1-e1723151973980.jpeg","datePublished":"2024-08-08T21:17:06+00:00","dateModified":"2024-09-10T21:35:47+00:00","description":"Braiins miner BMM 100 a 101 - Lze s t\u00edm t\u011b\u017eit Bitcoin, d\u00e1v\u00e1 to smysl? Ano, ale pouze za jist\u00fdch podm\u00ednek, kter\u00e9 to jsou? V\u00edce v \u010dl\u00e1nku!","breadcrumb":{"@id":"https:\/\/fomoday.com\/cs\/braiins-miner-bmm-100-101\/#breadcrumb"},"inLanguage":"cs","potentialAction":[{"@type":"ReadAction","target":["https:\/\/fomoday.com\/cs\/braiins-miner-bmm-100-101\/"]}]},{"@type":"ImageObject","inLanguage":"cs","@id":"https:\/\/fomoday.com\/cs\/braiins-miner-bmm-100-101\/#primaryimage","url":"https:\/\/fomoday.com\/wp-content\/uploads\/2024\/08\/IMG_4366-1-e1723151973980.jpeg","contentUrl":"https:\/\/fomoday.com\/wp-content\/uploads\/2024\/08\/IMG_4366-1-e1723151973980.jpeg","width":1170,"height":802,"caption":"Braiins mini miner BMM 100"},{"@type":"BreadcrumbList","@id":"https:\/\/fomoday.com\/cs\/braiins-miner-bmm-100-101\/#breadcrumb","itemListElement":[{"@type":"ListItem","position":1,"name":"Home","item":"https:\/\/fomoday.com\/cs\/"},{"@type":"ListItem","position":2,"name":"Braiins mini miner BMM 100, 101"}]},{"@type":"WebSite","@id":"https:\/\/fomoday.com\/cs\/#website","url":"https:\/\/fomoday.com\/cs\/","name":"Fomoday.com","description":"Finance and cryptocurrency news portal","publisher":{"@id":"https:\/\/fomoday.com\/cs\/#organization"},"potentialAction":[{"@type":"SearchAction","target":{"@type":"EntryPoint","urlTemplate":"https:\/\/fomoday.com\/cs\/?s={search_term_string}"},"query-input":{"@type":"PropertyValueSpecification","valueRequired":true,"valueName":"search_term_string"}}],"inLanguage":"cs"},{"@type":"Organization","@id":"https:\/\/fomoday.com\/cs\/#organization","name":"Fomoday.com","url":"https:\/\/fomoday.com\/cs\/","logo":{"@type":"ImageObject","inLanguage":"cs","@id":"https:\/\/fomoday.com\/cs\/#\/schema\/logo\/image\/","url":"https:\/\/fomoday.com\/wp-content\/uploads\/2024\/06\/cropped-fomoday-logo-mini.png","contentUrl":"https:\/\/fomoday.com\/wp-content\/uploads\/2024\/06\/cropped-fomoday-logo-mini.png","width":512,"height":512,"caption":"Fomoday.com"},"image":{"@id":"https:\/\/fomoday.com\/cs\/#\/schema\/logo\/image\/"},"sameAs":["https:\/\/www.facebook.com\/fomoday","https:\/\/x.com\/fomoday_com","https:\/\/www.youtube.com\/channel\/UClsHuVFZEu7BBofcsZArCOw"]}]}},"_links":{"self":[{"href":"https:\/\/fomoday.com\/cs\/wp-json\/wp\/v2\/pages\/3812","targetHints":{"allow":["GET"]}}],"collection":[{"href":"https:\/\/fomoday.com\/cs\/wp-json\/wp\/v2\/pages"}],"about":[{"href":"https:\/\/fomoday.com\/cs\/wp-json\/wp\/v2\/types\/page"}],"author":[{"embeddable":true,"href":"https:\/\/fomoday.com\/cs\/wp-json\/wp\/v2\/users\/1"}],"replies":[{"embeddable":true,"href":"https:\/\/fomoday.com\/cs\/wp-json\/wp\/v2\/comments?post=3812"}],"version-history":[{"count":5,"href":"https:\/\/fomoday.com\/cs\/wp-json\/wp\/v2\/pages\/3812\/revisions"}],"predecessor-version":[{"id":3972,"href":"https:\/\/fomoday.com\/cs\/wp-json\/wp\/v2\/pages\/3812\/revisions\/3972"}],"wp:featuredmedia":[{"embeddable":true,"href":"https:\/\/fomoday.com\/cs\/wp-json\/wp\/v2\/media\/3855"}],"wp:attachment":[{"href":"https:\/\/fomoday.com\/cs\/wp-json\/wp\/v2\/media?parent=3812"}],"curies":[{"name":"wp","href":"https:\/\/api.w.org\/{rel}","templated":true}]}}