{"id":3030,"date":"2023-04-03T14:47:39","date_gmt":"2023-04-03T14:47:39","guid":{"rendered":"https:\/\/fomoday.com\/moje-zajmy\/"},"modified":"2024-06-23T21:12:22","modified_gmt":"2024-06-23T21:12:22","slug":"moje-zajmy","status":"publish","type":"page","link":"https:\/\/fomoday.com\/cs\/moje-zajmy\/","title":{"rendered":"Moje z\u00e1jmy"},"content":{"rendered":"<div data-elementor-type=\"wp-page\" data-elementor-id=\"3030\" class=\"elementor elementor-3030 elementor-1830\">\n\t\t\t\t<div class=\"elementor-element elementor-element-dd37328 e-flex e-con-boxed e-con e-parent\" data-id=\"dd37328\" data-element_type=\"container\" data-settings='{\"background_background\":\"classic\",\"shape_divider_bottom\":\"waves\"}'>\n\t\t\t\t\t<div class=\"e-con-inner\">\n\t\t\t\t<div class=\"elementor-shape elementor-shape-bottom\" aria-hidden=\"true\" data-negative=\"false\">\n\t\t\t<svg xmlns=\"http:\/\/www.w3.org\/2000\/svg\" viewbox=\"0 0 1000 100\" preserveaspectratio=\"none\">\n\t<path class=\"elementor-shape-fill\" d=\"M421.9,6.5c22.6-2.5,51.5,0.4,75.5,5.3c23.6,4.9,70.9,23.5,100.5,35.7c75.8,32.2,133.7,44.5,192.6,49.7\n\tc23.6,2.1,48.7,3.5,103.4-2.5c54.7-6,106.2-25.6,106.2-25.6V0H0v30.3c0,0,72,32.6,158.4,30.5c39.2-0.7,92.8-6.7,134-22.4\n\tc21.2-8.1,52.2-18.2,79.7-24.2C399.3,7.9,411.6,7.5,421.9,6.5z\"><\/path>\n<\/svg>\t\t<\/div>\n\t\t<div class=\"elementor-element elementor-element-9743343 e-flex e-con-boxed e-con e-child\" data-id=\"9743343\" data-element_type=\"container\" data-settings='{\"background_background\":\"classic\"}'>\n\t\t\t\t\t<div class=\"e-con-inner\">\n\t\t\t\t<div class=\"elementor-element elementor-element-f2d5250 elementor-widget elementor-widget-foxiz-heading\" data-id=\"f2d5250\" data-element_type=\"widget\" data-widget_type=\"foxiz-heading.default\">\n\t\t\t\t<div class=\"elementor-widget-container\">\n\t\t\t\t\t<div id=\"uid_f2d5250\" class=\"block-h heading-layout-c10 light-scheme\"><div class=\"heading-inner\"><h2 class=\"heading-title\"><span>Vyber si co t&#283; zaj&iacute;m&aacute;<\/span><\/h2><div class=\"heading-tagline h6\"><span class=\"heading-tagline-label\">P&#345;idej si sv&eacute; z&aacute;jmy a koukej zde jen na to co t&#283; zaj&iacute;m&aacute;<\/span><\/div><\/div><\/div>\t\t\t\t<\/div>\n\t\t\t\t<\/div>\n\t\t\t\t<div class=\"elementor-element elementor-element-0436545 elementor-widget elementor-widget-foxiz-search-category\" data-id=\"0436545\" data-element_type=\"widget\" data-widget_type=\"foxiz-search-category.default\">\n\t\t\t\t<div class=\"elementor-widget-container\">\n\t\t\t\t\t\t\t<div class=\"header-search-form is-form-layout is-search-category search-form-gray\">\r\n\t\t\t<div class=\"rb-search-form live-search-form\" data-search=\"category\" data-limit=\"0\" data-follow=\"1\" data-tax=\"category\" data-dsource=\"0\" data-ptype=\"\"><div class=\"search-form-inner\"><span class=\"search-icon\"><span class=\"search-icon-svg\"><\/span><\/span><span class=\"search-text\"><input type=\"text\" class=\"field\" placeholder=\"Search for the categories that you are interested in.\" value=\"\" name=\"s\"><\/span><span class=\"live-search-animation rb-loader\"><\/span><\/div><div class=\"live-search-response light-scheme\"><\/div><\/div>\t\t<\/div>\r\n\t\t\t\t\t\t<\/div>\n\t\t\t\t<\/div>\n\t\t\t\t\t<\/div>\n\t\t\t\t<\/div>\n\t\t\t\t<div class=\"elementor-element elementor-element-e089247 elementor-widget elementor-widget-foxiz-categories-1\" data-id=\"e089247\" data-element_type=\"widget\" data-widget_type=\"foxiz-categories-1.default\">\n\t\t\t\t<div class=\"elementor-widget-container\">\n\t\t\t\t\t<div id=\"uid_e089247\" class=\"block-wrap block-categories block-categories-1 is-thoz-scroll rb-columns rb-col-3 rb-mcol-1 is-gap-custom meta-s-gray-dot\"><\/div>\t\t\t\t<\/div>\n\t\t\t\t<\/div>\n\t\t\t\t<div class=\"elementor-element elementor-element-1dbebaa elementor-widget elementor-widget-foxiz-heading\" data-id=\"1dbebaa\" data-element_type=\"widget\" data-widget_type=\"foxiz-heading.default\">\n\t\t\t\t<div class=\"elementor-widget-container\">\n\t\t\t\t\t<div id=\"uid_1dbebaa\" class=\"block-h heading-layout-19\"><div class=\"heading-inner\"><h3 class=\"heading-title\"><span>Nep&#345;ehl&eacute;dni<\/span><\/h3><div class=\"heading-tagline h6\"><span class=\"heading-tagline-label\">Sleduj autory a odeb&iacute;rej jejich novinky ihned<\/span><\/div><\/div><\/div>\t\t\t\t<\/div>\n\t\t\t\t<\/div>\n\t\t\t\t<div class=\"elementor-element elementor-element-155040f elementor-widget elementor-widget-foxiz-authors-1\" data-id=\"155040f\" data-element_type=\"widget\" data-widget_type=\"foxiz-authors-1.default\">\n\t\t\t\t<div class=\"elementor-widget-container\">\n\t\t\t\t\t<div id=\"uid_155040f\" class=\"block-wrap block-authors block-authors-1 is-box-shadow rb-columns rb-col-2 is-gap-20 meta-s-gray-dot\">\t\t<div class=\"block-inner\">\r\n\t\t\t\t\t<div class=\"a-card a-card-1\">\r\n\t\t\t<div class=\"a-card-inner box-inner\">\r\n\t\t\t\t<div class=\"a-card-content\">\r\n\t\t\t\t\t<div class=\"a-card-name\">\r\n\t\t\t\t\t\t<a class=\"h4 nice-name\" href=\"https:\/\/fomoday.com\/cs\/author\/admin\/\">Mr. Fomo<\/a>\r\n\t\t\t\t\t\t\t\t\t\t\t\t\t<span class=\"a-card-count is-meta\">109 Articles<\/span>\r\n\t\t\t\t\t\t\t\t\t\t\t<\/div>\r\n\t\t\t\t\t<div class=\"description-text rb-text\"><\/div>\r\n\t\t\t\t\t<span class=\"rb-follow follow-trigger\" data-uid=\"1\" data-name=\"Mr. Fomo\"><\/span>\t\t\t\t<\/div>\r\n\t\t\t\t<div class=\"a-card-feat\">\r\n\t\t\t\t\t<a href=\"https:\/\/fomoday.com\/cs\/author\/admin\/\"><img alt=\"fomoday logo\" src=\"https:\/\/fomoday.com\/wp-content\/uploads\/2024\/06\/cropped-fomoday-logo-mini-400x400.png\" srcset=\"https:\/\/fomoday.com\/wp-content\/uploads\/2024\/06\/cropped-fomoday-logo-mini.png 2x\" class=\"avatar avatar-400 photo\" height=\"400\" width=\"400\"\/><\/a>\r\n\t\t\t\t\t\t\t\t\t<\/div>\r\n\t\t\t<\/div>\r\n\t\t<\/div>\r\n\t\t\t\t<\/div>\r\n\t\t<\/div>\t\t\t\t<\/div>\n\t\t\t\t<\/div>\n\t\t\t\t\t<\/div>\n\t\t\t\t<\/div>\n\t\t<div class=\"elementor-element elementor-element-ed153c2 e-flex e-con-boxed e-con e-parent\" data-id=\"ed153c2\" data-element_type=\"container\">\n\t\t\t\t\t<div class=\"e-con-inner\">\n\t\t<div class=\"elementor-element elementor-element-c42bf2f e-flex e-con-boxed e-con e-child\" data-id=\"c42bf2f\" data-element_type=\"container\">\n\t\t\t\t\t<div class=\"e-con-inner\">\n\t\t\t\t<div class=\"elementor-element elementor-element-9d86ff7 elementor-widget__width-initial elementor-widget-mobile__width-inherit elementor-widget elementor-widget-foxiz-heading\" data-id=\"9d86ff7\" data-element_type=\"widget\" data-widget_type=\"foxiz-heading.default\">\n\t\t\t\t<div class=\"elementor-widget-container\">\n\t\t\t\t\t<div id=\"uid_9d86ff7\" class=\"block-h heading-layout-19\"><div class=\"heading-inner\"><h3 class=\"heading-title\"><span>Z&#367;sta&#328; ve st&#345;ehu<\/span><\/h3><div class=\"heading-tagline h6\"><span class=\"heading-tagline-label\">Najdi n&aacute;s na soc. s&iacute;t&iacute;ch<\/span><\/div><\/div><\/div>\t\t\t\t<\/div>\n\t\t\t\t<\/div>\n\t\t\t\t<div class=\"elementor-element elementor-element-6419db8 yes-mono elementor-widget__width-initial elementor-widget-mobile__width-inherit elementor-widget elementor-widget-foxiz-social-follower\" data-id=\"6419db8\" data-element_type=\"widget\" data-widget_type=\"foxiz-social-follower.default\">\n\t\t\t\t<div class=\"elementor-widget-container\">\n\t\t\t\t\t<div class=\"socials-counter h6 is-style-15 is-gstyle-3 is-icon-color is-h-bg\"><div class=\"social-follower effect-fadeout\"><\/div><\/div>\t\t\t\t<\/div>\n\t\t\t\t<\/div>\n\t\t\t\t\t<\/div>\n\t\t\t\t<\/div>\n\t\t\t\t<div class=\"elementor-element elementor-element-1e44bcc elementor-widget elementor-widget-foxiz-heading\" data-id=\"1e44bcc\" data-element_type=\"widget\" data-widget_type=\"foxiz-heading.default\">\n\t\t\t\t<div class=\"elementor-widget-container\">\n\t\t\t\t\t<div id=\"uid_1e44bcc\" class=\"block-h heading-layout-19\"><div class=\"heading-inner\"><h2 class=\"heading-title\"><span>Sleduji<\/span><\/h2><div class=\"heading-tagline h6\"><span class=\"heading-tagline-label\">V&aacute;&scaron; p&#345;ehled je zalo&#382;en na kategori&iacute;ch a autorech, kter&eacute; sledujete, a na dal&scaron;&iacute;m doporu&#269;en&eacute;m obsahu.<\/span><\/div><\/div><\/div>\t\t\t\t<\/div>\n\t\t\t\t<\/div>\n\t\t\t\t<div class=\"elementor-element elementor-element-28c7f3b elementor-widget-mobile__width-inherit elementor-widget elementor-widget-foxiz-categories-2\" data-id=\"28c7f3b\" data-element_type=\"widget\" data-widget_type=\"foxiz-categories-2.default\">\n\t\t\t\t<div class=\"elementor-widget-container\">\n\t\t\t\t\t<div id=\"uid_28c7f3b\" class=\"block-wrap block-categories block-categories-2 rb-columns rb-col-4 rb-tcol-2 rb-mcol-1 is-gap-5 meta-s-gray-dot\"><\/div>\t\t\t\t<\/div>\n\t\t\t\t<\/div>\n\t\t\t\t<div class=\"elementor-element elementor-element-a702854 elementor-widget elementor-widget-foxiz-heading\" data-id=\"a702854\" data-element_type=\"widget\" data-widget_type=\"foxiz-heading.default\">\n\t\t\t\t<div class=\"elementor-widget-container\">\n\t\t\t\t\t<div id=\"uid_a702854\" class=\"block-h heading-layout-19\"><div class=\"heading-inner\"><h3 class=\"heading-title\"><span>Ulo&#382;en&eacute; z&aacute;jmy<\/span><\/h3><div class=\"heading-tagline h6\"><span class=\"heading-tagline-label\">Z&aacute;jmy, kter&eacute; jsi ulo&#382;il, uvid&iacute;&scaron; zde<\/span><\/div><\/div><\/div>\t\t\t\t<\/div>\n\t\t\t\t<\/div>\n\t\t\t\t<div class=\"elementor-element elementor-element-825e362 elementor-widget elementor-widget-foxiz-grid-recommended-1\" data-id=\"825e362\" data-element_type=\"widget\" data-widget_type=\"foxiz-grid-recommended-1.default\">\n\t\t\t\t<div class=\"elementor-widget-container\">\n\t\t\t\t\t<div id=\"uid_825e362\" class=\"block-wrap block-grid block-grid-personalize-1 first-featured rb-columns rb-col-4 rb-tcol-2 rb-mcol-1 is-gap-custom ecat-bg-1 is-m-list res-feat-right meta-s-gray-dot\">\t\t<div class=\"empty-saved\">\r\n\t\t\t<div class=\"rb-container edge-padding\">\r\n\t\t\t\t<h4 class=\"empty-saved-title\">You haven't saved anything yet.<\/h4>\r\n\t\t\t\t<p class=\"empty-saved-desc\">Start saving your interested articles by clicking the <i class=\"rbi rbi-bookmark\" aria-hidden=\"true\"><\/i> icon and you'll find them all here.<\/p>\r\n\t\t\t<\/div>\r\n\t\t<\/div>\r\n\t<\/div>\t\t\t\t<\/div>\n\t\t\t\t<\/div>\n\t\t\t\t\t<\/div>\n\t\t\t\t<\/div>\n\t\t\t\t<\/div>\n\t\t","protected":false},"excerpt":{"rendered":"<p>Vyber si co t&#283; zaj&iacute;m&aacute; P&#345;idej si sv&eacute; z&aacute;jmy a koukej zde jen na to co t&#283; zaj&iacute;m&aacute; Nep&#345;ehl&eacute;dni Sleduj autory a odeb&iacute;rej jejich novinky ihned Mr. Fomo 14 Articles Z&#367;sta&#328; ve st&#345;ehu Najdi n&aacute;s na soc. s&iacute;t&iacute;ch Sleduji V&aacute;&scaron; p&#345;ehled je zalo&#382;en na kategori&iacute;ch a autorech, kter&eacute; sledujete, a na dal&scaron;&iacute;m doporu&#269;en&eacute;m obsahu. Mining [&hellip;]<\/p>\n","protected":false},"author":1,"featured_media":0,"parent":0,"menu_order":0,"comment_status":"closed","ping_status":"closed","template":"","meta":{"footnotes":""},"class_list":["post-3030","page","type-page","status-publish"],"yoast_head":"<!-- This site is optimized with the Yoast SEO plugin v26.5 - https:\/\/yoast.com\/wordpress\/plugins\/seo\/ -->\n<title>Moje z\u00e1jmy - Fomoday.com<\/title>\n<meta name=\"robots\" content=\"index, follow, max-snippet:-1, max-image-preview:large, max-video-preview:-1\" \/>\n<link rel=\"canonical\" href=\"https:\/\/fomoday.com\/cs\/moje-zajmy\/\" \/>\n<meta property=\"og:locale\" content=\"cs_CZ\" \/>\n<meta property=\"og:type\" content=\"article\" \/>\n<meta property=\"og:title\" content=\"Moje z\u00e1jmy - Fomoday.com\" \/>\n<meta property=\"og:description\" content=\"Vyber si co t&#283; zaj&iacute;m&aacute; P&#345;idej si sv&eacute; z&aacute;jmy a koukej zde jen na to co t&#283; zaj&iacute;m&aacute; Nep&#345;ehl&eacute;dni Sleduj autory a odeb&iacute;rej jejich novinky ihned Mr. Fomo 14 Articles Z&#367;sta&#328; ve st&#345;ehu Najdi n&aacute;s na soc. s&iacute;t&iacute;ch Sleduji V&aacute;&scaron; p&#345;ehled je zalo&#382;en na kategori&iacute;ch a autorech, kter&eacute; sledujete, a na dal&scaron;&iacute;m doporu&#269;en&eacute;m obsahu. Mining [&hellip;]\" \/>\n<meta property=\"og:url\" content=\"https:\/\/fomoday.com\/cs\/moje-zajmy\/\" \/>\n<meta property=\"og:site_name\" content=\"Fomoday.com\" \/>\n<meta property=\"article:publisher\" content=\"https:\/\/www.facebook.com\/fomoday\" \/>\n<meta property=\"article:modified_time\" content=\"2024-06-23T21:12:22+00:00\" \/>\n<meta property=\"og:image\" content=\"https:\/\/fomoday.com\/wp-content\/uploads\/2024\/06\/cropped-fomoday-logo-mini-400x400.png\" \/>\n<meta name=\"twitter:card\" content=\"summary_large_image\" \/>\n<meta name=\"twitter:site\" content=\"@fomoday_com\" \/>\n<meta name=\"twitter:label1\" content=\"Odhadovan\u00e1 doba \u010dten\u00ed\" \/>\n\t<meta name=\"twitter:data1\" content=\"1 minuta\" \/>\n<script type=\"application\/ld+json\" class=\"yoast-schema-graph\">{\"@context\":\"https:\/\/schema.org\",\"@graph\":[{\"@type\":\"WebPage\",\"@id\":\"https:\/\/fomoday.com\/cs\/moje-zajmy\/\",\"url\":\"https:\/\/fomoday.com\/cs\/moje-zajmy\/\",\"name\":\"Moje z\u00e1jmy - Fomoday.com\",\"isPartOf\":{\"@id\":\"https:\/\/fomoday.com\/cs\/#website\"},\"primaryImageOfPage\":{\"@id\":\"https:\/\/fomoday.com\/cs\/moje-zajmy\/#primaryimage\"},\"image\":{\"@id\":\"https:\/\/fomoday.com\/cs\/moje-zajmy\/#primaryimage\"},\"thumbnailUrl\":\"https:\/\/fomoday.com\/wp-content\/uploads\/2024\/06\/cropped-fomoday-logo-mini-400x400.png\",\"datePublished\":\"2023-04-03T14:47:39+00:00\",\"dateModified\":\"2024-06-23T21:12:22+00:00\",\"breadcrumb\":{\"@id\":\"https:\/\/fomoday.com\/cs\/moje-zajmy\/#breadcrumb\"},\"inLanguage\":\"cs\",\"potentialAction\":[{\"@type\":\"ReadAction\",\"target\":[\"https:\/\/fomoday.com\/cs\/moje-zajmy\/\"]}]},{\"@type\":\"ImageObject\",\"inLanguage\":\"cs\",\"@id\":\"https:\/\/fomoday.com\/cs\/moje-zajmy\/#primaryimage\",\"url\":\"https:\/\/fomoday.com\/wp-content\/uploads\/2024\/06\/cropped-fomoday-logo-mini-400x400.png\",\"contentUrl\":\"https:\/\/fomoday.com\/wp-content\/uploads\/2024\/06\/cropped-fomoday-logo-mini-400x400.png\"},{\"@type\":\"BreadcrumbList\",\"@id\":\"https:\/\/fomoday.com\/cs\/moje-zajmy\/#breadcrumb\",\"itemListElement\":[{\"@type\":\"ListItem\",\"position\":1,\"name\":\"Home\",\"item\":\"https:\/\/fomoday.com\/cs\/\"},{\"@type\":\"ListItem\",\"position\":2,\"name\":\"Moje z\u00e1jmy\"}]},{\"@type\":\"WebSite\",\"@id\":\"https:\/\/fomoday.com\/cs\/#website\",\"url\":\"https:\/\/fomoday.com\/cs\/\",\"name\":\"Fomoday.com\",\"description\":\"Finance and cryptocurrency news portal\",\"publisher\":{\"@id\":\"https:\/\/fomoday.com\/cs\/#organization\"},\"potentialAction\":[{\"@type\":\"SearchAction\",\"target\":{\"@type\":\"EntryPoint\",\"urlTemplate\":\"https:\/\/fomoday.com\/cs\/?s={search_term_string}\"},\"query-input\":{\"@type\":\"PropertyValueSpecification\",\"valueRequired\":true,\"valueName\":\"search_term_string\"}}],\"inLanguage\":\"cs\"},{\"@type\":\"Organization\",\"@id\":\"https:\/\/fomoday.com\/cs\/#organization\",\"name\":\"Fomoday.com\",\"url\":\"https:\/\/fomoday.com\/cs\/\",\"logo\":{\"@type\":\"ImageObject\",\"inLanguage\":\"cs\",\"@id\":\"https:\/\/fomoday.com\/cs\/#\/schema\/logo\/image\/\",\"url\":\"https:\/\/fomoday.com\/wp-content\/uploads\/2024\/06\/cropped-fomoday-logo-mini.png\",\"contentUrl\":\"https:\/\/fomoday.com\/wp-content\/uploads\/2024\/06\/cropped-fomoday-logo-mini.png\",\"width\":512,\"height\":512,\"caption\":\"Fomoday.com\"},\"image\":{\"@id\":\"https:\/\/fomoday.com\/cs\/#\/schema\/logo\/image\/\"},\"sameAs\":[\"https:\/\/www.facebook.com\/fomoday\",\"https:\/\/x.com\/fomoday_com\",\"https:\/\/www.youtube.com\/channel\/UClsHuVFZEu7BBofcsZArCOw\"]}]}<\/script>\n<!-- \/ Yoast SEO plugin. -->","yoast_head_json":{"title":"Moje z\u00e1jmy - Fomoday.com","robots":{"index":"index","follow":"follow","max-snippet":"max-snippet:-1","max-image-preview":"max-image-preview:large","max-video-preview":"max-video-preview:-1"},"canonical":"https:\/\/fomoday.com\/cs\/moje-zajmy\/","og_locale":"cs_CZ","og_type":"article","og_title":"Moje z\u00e1jmy - Fomoday.com","og_description":"Vyber si co t&#283; zaj&iacute;m&aacute; P&#345;idej si sv&eacute; z&aacute;jmy a koukej zde jen na to co t&#283; zaj&iacute;m&aacute; Nep&#345;ehl&eacute;dni Sleduj autory a odeb&iacute;rej jejich novinky ihned Mr. Fomo 14 Articles Z&#367;sta&#328; ve st&#345;ehu Najdi n&aacute;s na soc. s&iacute;t&iacute;ch Sleduji V&aacute;&scaron; p&#345;ehled je zalo&#382;en na kategori&iacute;ch a autorech, kter&eacute; sledujete, a na dal&scaron;&iacute;m doporu&#269;en&eacute;m obsahu. Mining [&hellip;]","og_url":"https:\/\/fomoday.com\/cs\/moje-zajmy\/","og_site_name":"Fomoday.com","article_publisher":"https:\/\/www.facebook.com\/fomoday","article_modified_time":"2024-06-23T21:12:22+00:00","og_image":[{"url":"https:\/\/fomoday.com\/wp-content\/uploads\/2024\/06\/cropped-fomoday-logo-mini-400x400.png","type":"","width":"","height":""}],"twitter_card":"summary_large_image","twitter_site":"@fomoday_com","twitter_misc":{"Odhadovan\u00e1 doba \u010dten\u00ed":"1 minuta"},"schema":{"@context":"https:\/\/schema.org","@graph":[{"@type":"WebPage","@id":"https:\/\/fomoday.com\/cs\/moje-zajmy\/","url":"https:\/\/fomoday.com\/cs\/moje-zajmy\/","name":"Moje z\u00e1jmy - Fomoday.com","isPartOf":{"@id":"https:\/\/fomoday.com\/cs\/#website"},"primaryImageOfPage":{"@id":"https:\/\/fomoday.com\/cs\/moje-zajmy\/#primaryimage"},"image":{"@id":"https:\/\/fomoday.com\/cs\/moje-zajmy\/#primaryimage"},"thumbnailUrl":"https:\/\/fomoday.com\/wp-content\/uploads\/2024\/06\/cropped-fomoday-logo-mini-400x400.png","datePublished":"2023-04-03T14:47:39+00:00","dateModified":"2024-06-23T21:12:22+00:00","breadcrumb":{"@id":"https:\/\/fomoday.com\/cs\/moje-zajmy\/#breadcrumb"},"inLanguage":"cs","potentialAction":[{"@type":"ReadAction","target":["https:\/\/fomoday.com\/cs\/moje-zajmy\/"]}]},{"@type":"ImageObject","inLanguage":"cs","@id":"https:\/\/fomoday.com\/cs\/moje-zajmy\/#primaryimage","url":"https:\/\/fomoday.com\/wp-content\/uploads\/2024\/06\/cropped-fomoday-logo-mini-400x400.png","contentUrl":"https:\/\/fomoday.com\/wp-content\/uploads\/2024\/06\/cropped-fomoday-logo-mini-400x400.png"},{"@type":"BreadcrumbList","@id":"https:\/\/fomoday.com\/cs\/moje-zajmy\/#breadcrumb","itemListElement":[{"@type":"ListItem","position":1,"name":"Home","item":"https:\/\/fomoday.com\/cs\/"},{"@type":"ListItem","position":2,"name":"Moje z\u00e1jmy"}]},{"@type":"WebSite","@id":"https:\/\/fomoday.com\/cs\/#website","url":"https:\/\/fomoday.com\/cs\/","name":"Fomoday.com","description":"Finance and cryptocurrency news portal","publisher":{"@id":"https:\/\/fomoday.com\/cs\/#organization"},"potentialAction":[{"@type":"SearchAction","target":{"@type":"EntryPoint","urlTemplate":"https:\/\/fomoday.com\/cs\/?s={search_term_string}"},"query-input":{"@type":"PropertyValueSpecification","valueRequired":true,"valueName":"search_term_string"}}],"inLanguage":"cs"},{"@type":"Organization","@id":"https:\/\/fomoday.com\/cs\/#organization","name":"Fomoday.com","url":"https:\/\/fomoday.com\/cs\/","logo":{"@type":"ImageObject","inLanguage":"cs","@id":"https:\/\/fomoday.com\/cs\/#\/schema\/logo\/image\/","url":"https:\/\/fomoday.com\/wp-content\/uploads\/2024\/06\/cropped-fomoday-logo-mini.png","contentUrl":"https:\/\/fomoday.com\/wp-content\/uploads\/2024\/06\/cropped-fomoday-logo-mini.png","width":512,"height":512,"caption":"Fomoday.com"},"image":{"@id":"https:\/\/fomoday.com\/cs\/#\/schema\/logo\/image\/"},"sameAs":["https:\/\/www.facebook.com\/fomoday","https:\/\/x.com\/fomoday_com","https:\/\/www.youtube.com\/channel\/UClsHuVFZEu7BBofcsZArCOw"]}]}},"_links":{"self":[{"href":"https:\/\/fomoday.com\/cs\/wp-json\/wp\/v2\/pages\/3030","targetHints":{"allow":["GET"]}}],"collection":[{"href":"https:\/\/fomoday.com\/cs\/wp-json\/wp\/v2\/pages"}],"about":[{"href":"https:\/\/fomoday.com\/cs\/wp-json\/wp\/v2\/types\/page"}],"author":[{"embeddable":true,"href":"https:\/\/fomoday.com\/cs\/wp-json\/wp\/v2\/users\/1"}],"replies":[{"embeddable":true,"href":"https:\/\/fomoday.com\/cs\/wp-json\/wp\/v2\/comments?post=3030"}],"version-history":[{"count":7,"href":"https:\/\/fomoday.com\/cs\/wp-json\/wp\/v2\/pages\/3030\/revisions"}],"predecessor-version":[{"id":3084,"href":"https:\/\/fomoday.com\/cs\/wp-json\/wp\/v2\/pages\/3030\/revisions\/3084"}],"wp:attachment":[{"href":"https:\/\/fomoday.com\/cs\/wp-json\/wp\/v2\/media?parent=3030"}],"curies":[{"name":"wp","href":"https:\/\/api.w.org\/{rel}","templated":true}]}}